{"id":444,"date":"2019-11-01T10:05:58","date_gmt":"2019-11-01T10:05:58","guid":{"rendered":"http:\/\/demo.athemes.com\/sydney-redesign\/?page_id=444"},"modified":"2024-10-03T13:38:00","modified_gmt":"2024-10-03T13:38:00","slug":"contactos","status":"publish","type":"page","link":"https:\/\/vmp-plan.vimaponto.com\/en\/contactos\/","title":{"rendered":"Contacts"},"content":{"rendered":"\t\t<div data-elementor-type=\"wp-page\" data-elementor-id=\"444\" class=\"elementor elementor-444\">\n\t\t\t\t\t\t<section class=\"elementor-section elementor-top-section elementor-element elementor-element-584c94ac elementor-section-boxed elementor-section-height-default elementor-section-height-default\" data-id=\"584c94ac\" data-element_type=\"section\" data-e-type=\"section\">\n\t\t\t\t\t\t<div class=\"elementor-container elementor-column-gap-default\">\n\t\t\t\t\t<div class=\"elementor-column elementor-col-100 elementor-top-column elementor-element elementor-element-7cc08d7e\" data-id=\"7cc08d7e\" data-element_type=\"column\" data-e-type=\"column\">\n\t\t\t<div class=\"elementor-widget-wrap elementor-element-populated\">\n\t\t\t\t\t\t<div class=\"elementor-element elementor-element-40e004f9 elementor-widget elementor-widget-heading\" data-id=\"40e004f9\" data-element_type=\"widget\" data-e-type=\"widget\" data-widget_type=\"heading.default\">\n\t\t\t\t<div class=\"elementor-widget-container\">\n\t\t\t\t\t<p class=\"elementor-heading-title elementor-size-default\">Contactos<\/p>\t\t\t\t<\/div>\n\t\t\t\t<\/div>\n\t\t\t\t<div class=\"elementor-element elementor-element-514722d elementor-widget-divider--view-line elementor-widget elementor-widget-divider\" data-id=\"514722d\" data-element_type=\"widget\" data-e-type=\"widget\" data-widget_type=\"divider.default\">\n\t\t\t\t<div class=\"elementor-widget-container\">\n\t\t\t\t\t\t\t<div class=\"elementor-divider\">\n\t\t\t<span class=\"elementor-divider-separator\">\n\t\t\t\t\t\t<\/span>\n\t\t<\/div>\n\t\t\t\t\t\t<\/div>\n\t\t\t\t<\/div>\n\t\t\t\t<section class=\"elementor-section elementor-inner-section elementor-element elementor-element-52817b8e elementor-section-boxed elementor-section-height-default elementor-section-height-default\" data-id=\"52817b8e\" data-element_type=\"section\" data-e-type=\"section\">\n\t\t\t\t\t\t<div class=\"elementor-container elementor-column-gap-default\">\n\t\t\t\t\t<div class=\"elementor-column elementor-col-100 elementor-inner-column elementor-element elementor-element-166eef76\" data-id=\"166eef76\" data-element_type=\"column\" data-e-type=\"column\">\n\t\t\t<div class=\"elementor-widget-wrap elementor-element-populated\">\n\t\t\t\t\t\t<div class=\"elementor-element elementor-element-93cc64f elementor-widget elementor-widget-google_maps\" data-id=\"93cc64f\" data-element_type=\"widget\" data-e-type=\"widget\" data-widget_type=\"google_maps.default\">\n\t\t\t\t<div class=\"elementor-widget-container\">\n\t\t\t\t\t\t\t<div class=\"elementor-custom-embed\">\n\t\t\t<iframe loading=\"lazy\"\n\t\t\t\t\tsrc=\"https:\/\/maps.google.com\/maps?q=R.%20dos%20Estoleiros%20304%2C%204835-163%20Guimar%C3%A3es&#038;t=m&#038;z=15&#038;output=embed&#038;iwloc=near\"\n\t\t\t\t\ttitle=\"R. dos Estoleiros 304, 4835-163 Guimar\u00e3es\"\n\t\t\t\t\taria-label=\"R. dos Estoleiros 304, 4835-163 Guimar\u00e3es\"\n\t\t\t><\/iframe>\n\t\t<\/div>\n\t\t\t\t\t\t<\/div>\n\t\t\t\t<\/div>\n\t\t\t\t\t<\/div>\n\t\t<\/div>\n\t\t\t\t\t<\/div>\n\t\t<\/section>\n\t\t\t\t\t<\/div>\n\t\t<\/div>\n\t\t\t\t\t<\/div>\n\t\t<\/section>\n\t\t\t\t<section class=\"elementor-section elementor-top-section elementor-element elementor-element-e3daf67 elementor-section-content-middle elementor-section-boxed elementor-section-height-default elementor-section-height-default\" data-id=\"e3daf67\" data-element_type=\"section\" data-e-type=\"section\">\n\t\t\t\t\t\t<div class=\"elementor-container elementor-column-gap-default\">\n\t\t\t\t\t<div class=\"elementor-column elementor-col-33 elementor-top-column elementor-element elementor-element-0de3771\" data-id=\"0de3771\" data-element_type=\"column\" data-e-type=\"column\">\n\t\t\t<div class=\"elementor-widget-wrap elementor-element-populated\">\n\t\t\t\t\t\t<div class=\"elementor-element elementor-element-7a4905d elementor-widget elementor-widget-heading\" data-id=\"7a4905d\" data-element_type=\"widget\" data-e-type=\"widget\" data-widget_type=\"heading.default\">\n\t\t\t\t<div class=\"elementor-widget-container\">\n\t\t\t\t\t<p class=\"elementor-heading-title elementor-size-default\">Morada<\/p>\t\t\t\t<\/div>\n\t\t\t\t<\/div>\n\t\t\t\t<div class=\"elementor-element elementor-element-702fc46 elementor-position-inline-start contact_iconed_list elementor-view-default elementor-mobile-position-block-start elementor-widget elementor-widget-icon-box\" data-id=\"702fc46\" data-element_type=\"widget\" data-e-type=\"widget\" data-widget_type=\"icon-box.default\">\n\t\t\t\t<div class=\"elementor-widget-container\">\n\t\t\t\t\t\t\t<div class=\"elementor-icon-box-wrapper\">\n\n\t\t\t\t\t\t<div class=\"elementor-icon-box-icon\">\n\t\t\t\t<span  class=\"elementor-icon\">\n\t\t\t\t<i aria-hidden=\"true\" class=\"fas fa-location-arrow\"><\/i>\t\t\t\t<\/span>\n\t\t\t<\/div>\n\t\t\t\n\t\t\t\t\t\t<div class=\"elementor-icon-box-content\">\n\n\t\t\t\t\t\t\t\t\t<span class=\"elementor-icon-box-title\">\n\t\t\t\t\t\t<span  >\n\t\t\t\t\t\t\tRua dos Estoleiros N\u00ba304<br>4835-163 - Polvoreira, Guimar\u00e3es\n\t\t\t\t\t\t<\/span>\n\t\t\t\t\t<\/span>\n\t\t\t\t\n\t\t\t\t\n\t\t\t<\/div>\n\t\t\t\n\t\t<\/div>\n\t\t\t\t\t\t<\/div>\n\t\t\t\t<\/div>\n\t\t\t\t<div class=\"elementor-element elementor-element-82c9bba elementor-widget elementor-widget-menu-anchor\" data-id=\"82c9bba\" data-element_type=\"widget\" data-e-type=\"widget\" data-widget_type=\"menu-anchor.default\">\n\t\t\t\t<div class=\"elementor-widget-container\">\n\t\t\t\t\t\t\t<div class=\"elementor-menu-anchor\" id=\"form\"><\/div>\n\t\t\t\t\t\t<\/div>\n\t\t\t\t<\/div>\n\t\t\t\t\t<\/div>\n\t\t<\/div>\n\t\t\t\t<div class=\"elementor-column elementor-col-33 elementor-top-column elementor-element elementor-element-611a6b1\" data-id=\"611a6b1\" data-element_type=\"column\" data-e-type=\"column\">\n\t\t\t<div class=\"elementor-widget-wrap elementor-element-populated\">\n\t\t\t\t\t\t<div class=\"elementor-element elementor-element-c20b8ed elementor-widget elementor-widget-heading\" data-id=\"c20b8ed\" data-element_type=\"widget\" data-e-type=\"widget\" data-widget_type=\"heading.default\">\n\t\t\t\t<div class=\"elementor-widget-container\">\n\t\t\t\t\t<p class=\"elementor-heading-title elementor-size-default\">Telefone<\/p>\t\t\t\t<\/div>\n\t\t\t\t<\/div>\n\t\t\t\t<div class=\"elementor-element elementor-element-a8b2f4a elementor-position-inline-start contact_iconed_list elementor-view-default elementor-mobile-position-block-start elementor-widget elementor-widget-icon-box\" data-id=\"a8b2f4a\" data-element_type=\"widget\" data-e-type=\"widget\" data-widget_type=\"icon-box.default\">\n\t\t\t\t<div class=\"elementor-widget-container\">\n\t\t\t\t\t\t\t<div class=\"elementor-icon-box-wrapper\">\n\n\t\t\t\t\t\t<div class=\"elementor-icon-box-icon\">\n\t\t\t\t<span  class=\"elementor-icon\">\n\t\t\t\t<i aria-hidden=\"true\" class=\"fas fa-phone-alt\"><\/i>\t\t\t\t<\/span>\n\t\t\t<\/div>\n\t\t\t\n\t\t\t\t\t\t<div class=\"elementor-icon-box-content\">\n\n\t\t\t\t\t\t\t\t\t<span class=\"elementor-icon-box-title\">\n\t\t\t\t\t\t<span  >\n\t\t\t\t\t\t\t253 424 570\t\t\t\t\t\t<\/span>\n\t\t\t\t\t<\/span>\n\t\t\t\t\n\t\t\t\t\n\t\t\t<\/div>\n\t\t\t\n\t\t<\/div>\n\t\t\t\t\t\t<\/div>\n\t\t\t\t<\/div>\n\t\t\t\t\t<\/div>\n\t\t<\/div>\n\t\t\t\t<div class=\"elementor-column elementor-col-33 elementor-top-column elementor-element elementor-element-c4edfb3\" data-id=\"c4edfb3\" data-element_type=\"column\" data-e-type=\"column\">\n\t\t\t<div class=\"elementor-widget-wrap elementor-element-populated\">\n\t\t\t\t\t\t<div class=\"elementor-element elementor-element-fce0b92 elementor-widget elementor-widget-heading\" data-id=\"fce0b92\" data-element_type=\"widget\" data-e-type=\"widget\" data-widget_type=\"heading.default\">\n\t\t\t\t<div class=\"elementor-widget-container\">\n\t\t\t\t\t<p class=\"elementor-heading-title elementor-size-default\">Hor\u00e1rio<\/p>\t\t\t\t<\/div>\n\t\t\t\t<\/div>\n\t\t\t\t<div class=\"elementor-element elementor-element-1a7a44a elementor-position-inline-start contact_iconed_list elementor-view-default elementor-mobile-position-block-start elementor-widget elementor-widget-icon-box\" data-id=\"1a7a44a\" data-element_type=\"widget\" data-e-type=\"widget\" data-widget_type=\"icon-box.default\">\n\t\t\t\t<div class=\"elementor-widget-container\">\n\t\t\t\t\t\t\t<div class=\"elementor-icon-box-wrapper\">\n\n\t\t\t\t\t\t<div class=\"elementor-icon-box-icon\">\n\t\t\t\t<span  class=\"elementor-icon\">\n\t\t\t\t<i aria-hidden=\"true\" class=\"fas fa-clock\"><\/i>\t\t\t\t<\/span>\n\t\t\t<\/div>\n\t\t\t\n\t\t\t\t\t\t<div class=\"elementor-icon-box-content\">\n\n\t\t\t\t\t\t\t\t\t<span class=\"elementor-icon-box-title\">\n\t\t\t\t\t\t<span  >\n\t\t\t\t\t\t\tSeg - Sex:  09h00 \u00e0s 12h30 e das 14h00 \u00e0s 18h30\t\t\t\t\t\t<\/span>\n\t\t\t\t\t<\/span>\n\t\t\t\t\n\t\t\t\t\n\t\t\t<\/div>\n\t\t\t\n\t\t<\/div>\n\t\t\t\t\t\t<\/div>\n\t\t\t\t<\/div>\n\t\t\t\t\t<\/div>\n\t\t<\/div>\n\t\t\t\t\t<\/div>\n\t\t<\/section>\n\t\t\t\t<section class=\"elementor-section elementor-top-section elementor-element elementor-element-1627671 elementor-section-boxed elementor-section-height-default elementor-section-height-default\" data-id=\"1627671\" data-element_type=\"section\" data-e-type=\"section\">\n\t\t\t\t\t\t<div class=\"elementor-container elementor-column-gap-default\">\n\t\t\t\t\t<div class=\"elementor-column elementor-col-100 elementor-top-column elementor-element elementor-element-2c8c78d\" data-id=\"2c8c78d\" data-element_type=\"column\" data-e-type=\"column\">\n\t\t\t<div class=\"elementor-widget-wrap elementor-element-populated\">\n\t\t\t\t\t\t<div class=\"elementor-element elementor-element-1e6eafb elementor-widget elementor-widget-heading\" data-id=\"1e6eafb\" data-element_type=\"widget\" data-e-type=\"widget\" data-widget_type=\"heading.default\">\n\t\t\t\t<div class=\"elementor-widget-container\">\n\t\t\t\t\t<p class=\"elementor-heading-title elementor-size-default\">Entre em contacto connosco!<\/p>\t\t\t\t<\/div>\n\t\t\t\t<\/div>\n\t\t\t\t<div class=\"elementor-element elementor-element-0bb86bd elementor-widget-divider--view-line elementor-widget elementor-widget-divider\" data-id=\"0bb86bd\" data-element_type=\"widget\" data-e-type=\"widget\" data-widget_type=\"divider.default\">\n\t\t\t\t<div class=\"elementor-widget-container\">\n\t\t\t\t\t\t\t<div class=\"elementor-divider\">\n\t\t\t<span class=\"elementor-divider-separator\">\n\t\t\t\t\t\t<\/span>\n\t\t<\/div>\n\t\t\t\t\t\t<\/div>\n\t\t\t\t<\/div>\n\t\t\t\t<div class=\"elementor-element elementor-element-2b6dc02 elementor-widget elementor-widget-wpforms\" data-id=\"2b6dc02\" data-element_type=\"widget\" data-e-type=\"widget\" data-widget_type=\"wpforms.default\">\n\t\t\t\t<div class=\"elementor-widget-container\">\n\t\t\t\t\t<div class=\"wpforms-container wpforms-container-full  color 1F971F \" id=\"wpforms-812\"><form id=\"wpforms-form-812\" class=\"wpforms-validate wpforms-form\" data-formid=\"812\" method=\"post\" enctype=\"multipart\/form-data\" action=\"\/en\/wp-json\/wp\/v2\/pages\/444\" data-token=\"896a1eb3073d27e7bba1d3c082124132\" data-token-time=\"1778924297\"><noscript class=\"wpforms-error-noscript\">Please enable JavaScript in your browser to complete this form.<\/noscript><div class=\"wpforms-field-container\"><div id=\"wpforms-812-field_0-container\" class=\"wpforms-field wpforms-field-name\" data-field-id=\"0\"><label class=\"wpforms-field-label\" for=\"wpforms-812-field_0\">Nome <span class=\"wpforms-required-label\">*<\/span><\/label><input type=\"text\" id=\"wpforms-812-field_0\" class=\"wpforms-field-large wpforms-field-required\" name=\"wpforms[fields][0]\" required><div class=\"wpforms-field-description\">Insira o seu primeiro e \u00faltimo nome, por favor.<\/div><\/div><div id=\"wpforms-812-field_1-container\" class=\"wpforms-field wpforms-field-email\" data-field-id=\"1\"><label class=\"wpforms-field-label\" for=\"wpforms-812-field_1\">Email <span class=\"wpforms-required-label\">*<\/span><\/label><input type=\"email\" id=\"wpforms-812-field_1\" class=\"wpforms-field-large wpforms-field-required\" name=\"wpforms[fields][1]\" spellcheck=\"false\" required><\/div><div id=\"wpforms-812-field_3-container\" class=\"wpforms-field wpforms-field-number\" data-field-id=\"3\"><label class=\"wpforms-field-label\" for=\"wpforms-812-field_3\">Telefone\/Telem\u00f3vel <span class=\"wpforms-required-label\">*<\/span><\/label><input type=\"number\" id=\"wpforms-812-field_3\" class=\"wpforms-field-large wpforms-field-required\" name=\"wpforms[fields][3]\" step=\"any\" required><\/div><div id=\"wpforms-812-field_4-container\" class=\"wpforms-field wpforms-field-select wpforms-field-select-style-modern\" data-field-id=\"4\"><label class=\"wpforms-field-label\" for=\"wpforms-812-field_4\">Em que \u00e1rea se insere o seu neg\u00f3cio?<\/label><select id=\"wpforms-812-field_4\" class=\"wpforms-field-large choicesjs-select\" data-size-class=\"wpforms-field-row wpforms-field-large\" data-search-enabled=\"\" name=\"wpforms[fields][4]\"><option value=\"\" class=\"placeholder\" disabled ><\/option><option value=\"Ind\u00fastria T\u00eaxtil e Vestu\u00e1rio (ITV)\"  selected='selected' class=\"choice-1 depth-1\"  >Ind\u00fastria T\u00eaxtil e Vestu\u00e1rio (ITV)<\/option><option value=\"Ind\u00fastria Metalomec\u00e2nica\"  class=\"choice-3 depth-1\"  >Ind\u00fastria Metalomec\u00e2nica<\/option><option value=\"Ind\u00fastria de Cal\u00e7ado\"  class=\"choice-4 depth-1\"  >Ind\u00fastria de Cal\u00e7ado<\/option><option value=\"Ind\u00fastria de Cart\u00e3o e Embalagens\"  class=\"choice-2 depth-1\"  >Ind\u00fastria de Cart\u00e3o e Embalagens<\/option><option value=\"Ind\u00fastria de Mobili\u00e1rio\"  class=\"choice-6 depth-1\"  >Ind\u00fastria de Mobili\u00e1rio<\/option><option value=\"Outro\"  class=\"choice-5 depth-1\"  >Outro<\/option><\/select><\/div><div id=\"wpforms-812-field_2-container\" class=\"wpforms-field wpforms-field-textarea\" data-field-id=\"2\"><label class=\"wpforms-field-label\" for=\"wpforms-812-field_2\">Coment\u00e1rio ou Mensagem <span class=\"wpforms-required-label\">*<\/span><\/label><textarea id=\"wpforms-812-field_2\" class=\"wpforms-field-medium wpforms-field-required\" name=\"wpforms[fields][2]\" required><\/textarea><\/div><div id=\"wpforms-812-field_5-container\" class=\"wpforms-field wpforms-field-checkbox\" data-field-id=\"5\"><label class=\"wpforms-field-label\">Os seus dados ir\u00e3o ser utilizados pela Vimaponto - Equipamentos e Servi\u00e7os Inform\u00e1tica S.A., apenas para concretizar o seu pedido de contacto e ser\u00e3o conservados durante o tempo m\u00ednimo necess\u00e1rio n\u00e3o sendo feito qualquer outro tipo de tratamento. Para mais informa\u00e7\u00f5es, consulte a nossa Pol\u00edtica de Privacidade. <span class=\"wpforms-required-label\">*<\/span><\/label><ul id=\"wpforms-812-field_5\" class=\"wpforms-field-required\"><li class=\"choice-1 depth-1\"><input type=\"checkbox\" id=\"wpforms-812-field_5_1\" name=\"wpforms[fields][5][]\" value=\"Tomei conhecimento.\" required ><label class=\"wpforms-field-label-inline\" for=\"wpforms-812-field_5_1\">Tomei conhecimento.<\/label><\/li><\/ul><\/div><\/div><!-- .wpforms-field-container --><div class=\"wpforms-submit-container\" ><input type=\"hidden\" name=\"wpforms[id]\" value=\"812\"><input type=\"hidden\" name=\"page_title\" value=\"\"><input type=\"hidden\" name=\"page_url\" value=\"https:\/\/vmp-plan.vimaponto.com\/en\/wp-json\/wp\/v2\/pages\/444\"><input type=\"hidden\" name=\"url_referer\" value=\"\"><button type=\"submit\" name=\"wpforms[submit]\" id=\"wpforms-submit-812\" class=\"wpforms-submit\" data-alt-text=\"A enviar...\" data-submit-text=\"Enviar\" aria-live=\"assertive\" value=\"wpforms-submit\">Enviar<\/button><\/div><\/form><\/div>  <!-- .wpforms-container -->\t\t\t\t<\/div>\n\t\t\t\t<\/div>\n\t\t\t\t\t<\/div>\n\t\t<\/div>\n\t\t\t\t\t<\/div>\n\t\t<\/section>\n\t\t\t\t<\/div>\n\t\t","protected":false},"excerpt":{"rendered":"<p>Contactos Morada Rua dos Estoleiros N\u00ba3044835-163 &#8211; Polvoreira, Guimar\u00e3es Telefone 253 424 570 Hor\u00e1rio Seg &#8211; Sex: 09h00 \u00e0s 12h30 e das [&hellip;]<\/p>\n","protected":false},"author":1,"featured_media":0,"parent":0,"menu_order":0,"comment_status":"closed","ping_status":"closed","template":"page-templates\/page_front-page.php","meta":{"footnotes":""},"class_list":["post-444","page","type-page","status-publish","hentry"],"yoast_head":"<!-- This site is optimized with the Yoast SEO plugin v27.4 - https:\/\/yoast.com\/product\/yoast-seo-wordpress\/ -->\n<title>VMP Plan | Entre em contacto connosco e agende a sua demonstra\u00e7\u00e3o!<\/title>\n<meta name=\"description\" content=\"Entre em contacto e comece a otimizar os seus processos de modo a aumentar a competitividade e a rentabilidade da sua empresa.\" \/>\n<meta name=\"robots\" content=\"index, follow, max-snippet:-1, max-image-preview:large, max-video-preview:-1\" \/>\n<link rel=\"canonical\" href=\"https:\/\/vmp-plan.vimaponto.com\/en\/contactos\/\" \/>\n<meta property=\"og:locale\" content=\"en_GB\" \/>\n<meta property=\"og:type\" content=\"article\" \/>\n<meta property=\"og:title\" content=\"VMP Plan | Entre em contacto connosco e agende a sua demonstra\u00e7\u00e3o!\" \/>\n<meta property=\"og:description\" content=\"Entre em contacto e comece a otimizar os seus processos de modo a aumentar a competitividade e a rentabilidade da sua empresa.\" \/>\n<meta property=\"og:url\" content=\"https:\/\/vmp-plan.vimaponto.com\/en\/contactos\/\" \/>\n<meta property=\"og:site_name\" content=\"VMP Plan\" \/>\n<meta property=\"article:publisher\" content=\"https:\/\/www.facebook.com\/vimaponto\" \/>\n<meta property=\"article:modified_time\" content=\"2024-10-03T13:38:00+00:00\" \/>\n<meta name=\"twitter:card\" content=\"summary_large_image\" \/>\n<meta name=\"twitter:label1\" content=\"Estimated reading time\" \/>\n\t<meta name=\"twitter:data1\" content=\"1 minute\" \/>\n<script type=\"application\/ld+json\" class=\"yoast-schema-graph\">{\"@context\":\"https:\\\/\\\/schema.org\",\"@graph\":[{\"@type\":\"WebPage\",\"@id\":\"https:\\\/\\\/vmp-plan.vimaponto.com\\\/contactos\\\/\",\"url\":\"https:\\\/\\\/vmp-plan.vimaponto.com\\\/contactos\\\/\",\"name\":\"VMP Plan | Entre em contacto connosco e agende a sua demonstra\u00e7\u00e3o!\",\"isPartOf\":{\"@id\":\"https:\\\/\\\/vmp-plan.vimaponto.com\\\/#website\"},\"datePublished\":\"2019-11-01T10:05:58+00:00\",\"dateModified\":\"2024-10-03T13:38:00+00:00\",\"description\":\"Entre em contacto e comece a otimizar os seus processos de modo a aumentar a competitividade e a rentabilidade da sua empresa.\",\"breadcrumb\":{\"@id\":\"https:\\\/\\\/vmp-plan.vimaponto.com\\\/contactos\\\/#breadcrumb\"},\"inLanguage\":\"en-GB\",\"potentialAction\":[{\"@type\":\"ReadAction\",\"target\":[\"https:\\\/\\\/vmp-plan.vimaponto.com\\\/contactos\\\/\"]}]},{\"@type\":\"BreadcrumbList\",\"@id\":\"https:\\\/\\\/vmp-plan.vimaponto.com\\\/contactos\\\/#breadcrumb\",\"itemListElement\":[{\"@type\":\"ListItem\",\"position\":1,\"name\":\"In\u00edcio\",\"item\":\"https:\\\/\\\/vmp-plan.vimaponto.com\\\/\"},{\"@type\":\"ListItem\",\"position\":2,\"name\":\"Contactos\"}]},{\"@type\":\"WebSite\",\"@id\":\"https:\\\/\\\/vmp-plan.vimaponto.com\\\/#website\",\"url\":\"https:\\\/\\\/vmp-plan.vimaponto.com\\\/\",\"name\":\"VMP Plan\",\"description\":\"Software de Gest\u00e3o de Produ\u00e7\u00e3o para Ind\u00fastria\",\"potentialAction\":[{\"@type\":\"SearchAction\",\"target\":{\"@type\":\"EntryPoint\",\"urlTemplate\":\"https:\\\/\\\/vmp-plan.vimaponto.com\\\/?s={search_term_string}\"},\"query-input\":{\"@type\":\"PropertyValueSpecification\",\"valueRequired\":true,\"valueName\":\"search_term_string\"}}],\"inLanguage\":\"en-GB\"}]}<\/script>\n<!-- \/ Yoast SEO plugin. -->","yoast_head_json":{"title":"VMP Plan | Entre em contacto connosco e agende a sua demonstra\u00e7\u00e3o!","description":"Entre em contacto e comece a otimizar os seus processos de modo a aumentar a competitividade e a rentabilidade da sua empresa.","robots":{"index":"index","follow":"follow","max-snippet":"max-snippet:-1","max-image-preview":"max-image-preview:large","max-video-preview":"max-video-preview:-1"},"canonical":"https:\/\/vmp-plan.vimaponto.com\/en\/contactos\/","og_locale":"en_GB","og_type":"article","og_title":"VMP Plan | Entre em contacto connosco e agende a sua demonstra\u00e7\u00e3o!","og_description":"Entre em contacto e comece a otimizar os seus processos de modo a aumentar a competitividade e a rentabilidade da sua empresa.","og_url":"https:\/\/vmp-plan.vimaponto.com\/en\/contactos\/","og_site_name":"VMP Plan","article_publisher":"https:\/\/www.facebook.com\/vimaponto","article_modified_time":"2024-10-03T13:38:00+00:00","twitter_card":"summary_large_image","twitter_misc":{"Estimated reading time":"1 minute"},"schema":{"@context":"https:\/\/schema.org","@graph":[{"@type":"WebPage","@id":"https:\/\/vmp-plan.vimaponto.com\/contactos\/","url":"https:\/\/vmp-plan.vimaponto.com\/contactos\/","name":"VMP Plan | Entre em contacto connosco e agende a sua demonstra\u00e7\u00e3o!","isPartOf":{"@id":"https:\/\/vmp-plan.vimaponto.com\/#website"},"datePublished":"2019-11-01T10:05:58+00:00","dateModified":"2024-10-03T13:38:00+00:00","description":"Entre em contacto e comece a otimizar os seus processos de modo a aumentar a competitividade e a rentabilidade da sua empresa.","breadcrumb":{"@id":"https:\/\/vmp-plan.vimaponto.com\/contactos\/#breadcrumb"},"inLanguage":"en-GB","potentialAction":[{"@type":"ReadAction","target":["https:\/\/vmp-plan.vimaponto.com\/contactos\/"]}]},{"@type":"BreadcrumbList","@id":"https:\/\/vmp-plan.vimaponto.com\/contactos\/#breadcrumb","itemListElement":[{"@type":"ListItem","position":1,"name":"In\u00edcio","item":"https:\/\/vmp-plan.vimaponto.com\/"},{"@type":"ListItem","position":2,"name":"Contactos"}]},{"@type":"WebSite","@id":"https:\/\/vmp-plan.vimaponto.com\/#website","url":"https:\/\/vmp-plan.vimaponto.com\/","name":"VMP Plan","description":"Software de Gest\u00e3o de Produ\u00e7\u00e3o para Ind\u00fastria","potentialAction":[{"@type":"SearchAction","target":{"@type":"EntryPoint","urlTemplate":"https:\/\/vmp-plan.vimaponto.com\/?s={search_term_string}"},"query-input":{"@type":"PropertyValueSpecification","valueRequired":true,"valueName":"search_term_string"}}],"inLanguage":"en-GB"}]}},"_links":{"self":[{"href":"https:\/\/vmp-plan.vimaponto.com\/en\/wp-json\/wp\/v2\/pages\/444","targetHints":{"allow":["GET"]}}],"collection":[{"href":"https:\/\/vmp-plan.vimaponto.com\/en\/wp-json\/wp\/v2\/pages"}],"about":[{"href":"https:\/\/vmp-plan.vimaponto.com\/en\/wp-json\/wp\/v2\/types\/page"}],"author":[{"embeddable":true,"href":"https:\/\/vmp-plan.vimaponto.com\/en\/wp-json\/wp\/v2\/users\/1"}],"replies":[{"embeddable":true,"href":"https:\/\/vmp-plan.vimaponto.com\/en\/wp-json\/wp\/v2\/comments?post=444"}],"version-history":[{"count":36,"href":"https:\/\/vmp-plan.vimaponto.com\/en\/wp-json\/wp\/v2\/pages\/444\/revisions"}],"predecessor-version":[{"id":2415,"href":"https:\/\/vmp-plan.vimaponto.com\/en\/wp-json\/wp\/v2\/pages\/444\/revisions\/2415"}],"wp:attachment":[{"href":"https:\/\/vmp-plan.vimaponto.com\/en\/wp-json\/wp\/v2\/media?parent=444"}],"curies":[{"name":"wp","href":"https:\/\/api.w.org\/{rel}","templated":true}]}}