{"id":372,"date":"2019-10-30T19:49:14","date_gmt":"2019-10-30T19:49:14","guid":{"rendered":"http:\/\/demo.athemes.com\/sydney-redesign\/?page_id=372"},"modified":"2024-10-03T11:28:21","modified_gmt":"2024-10-03T11:28:21","slug":"visao-geral-vmp-plan","status":"publish","type":"page","link":"https:\/\/vmp-plan.vimaponto.com\/en\/visao-geral-vmp-plan\/","title":{"rendered":"Overview VMP Plan"},"content":{"rendered":"<div data-elementor-type=\"wp-page\" data-elementor-id=\"372\" class=\"elementor elementor-372\">\n\t\t\t\t\t\t<section class=\"elementor-section elementor-top-section elementor-element elementor-element-8b91188 elementor-section-full_width elementor-section-height-full elementor-section-height-default elementor-section-items-middle\" data-id=\"8b91188\" data-element_type=\"section\" data-e-type=\"section\" data-settings=\"{&quot;background_background&quot;:&quot;classic&quot;}\">\n\t\t\t\t\t\t\t<div class=\"elementor-background-overlay\"><\/div>\n\t\t\t\t\t\t\t<div class=\"elementor-container elementor-column-gap-default\">\n\t\t\t\t\t<div class=\"elementor-column elementor-col-50 elementor-top-column elementor-element elementor-element-bccd3a4\" data-id=\"bccd3a4\" data-element_type=\"column\" data-e-type=\"column\">\n\t\t\t<div class=\"elementor-widget-wrap elementor-element-populated\">\n\t\t\t\t\t\t<div class=\"elementor-element elementor-element-65e31ea elementor-widget-mobile__width-auto elementor-widget elementor-widget-heading\" data-id=\"65e31ea\" data-element_type=\"widget\" data-e-type=\"widget\" data-settings=\"{&quot;_animation_mobile&quot;:&quot;none&quot;}\" data-widget_type=\"heading.default\">\n\t\t\t\t<div class=\"elementor-widget-container\">\n\t\t\t\t\t<h1 class=\"elementor-heading-title elementor-size-default translation-block\">INDUSTRY 360\u00ba<br>\nOVERVIEW<br>\nVMP PLAN<\/h1>\t\t\t\t<\/div>\n\t\t\t\t<\/div>\n\t\t\t\t\t<\/div>\n\t\t<\/div>\n\t\t\t\t<div class=\"elementor-column elementor-col-50 elementor-top-column elementor-element elementor-element-aafaa4e\" data-id=\"aafaa4e\" data-element_type=\"column\" data-e-type=\"column\">\n\t\t\t<div class=\"elementor-widget-wrap elementor-element-populated\">\n\t\t\t\t\t\t<div class=\"elementor-element elementor-element-57e73b3 elementor-align-center elementor-widget elementor-widget-button\" data-id=\"57e73b3\" data-element_type=\"widget\" data-e-type=\"widget\" data-widget_type=\"button.default\">\n\t\t\t\t<div class=\"elementor-widget-container\">\n\t\t\t\t\t\t\t\t\t<div class=\"elementor-button-wrapper\">\n\t\t\t\t\t<a class=\"elementor-button elementor-button-link elementor-size-lg elementor-animation-pulse\" href=\"#\">\n\t\t\t\t\t\t<span class=\"elementor-button-content-wrapper\">\n\t\t\t\t\t\t\t\t\t<span class=\"elementor-button-text\">Request demo!<\/span>\n\t\t\t\t\t<\/span>\n\t\t\t\t\t<\/a>\n\t\t\t\t<\/div>\n\t\t\t\t\t\t\t\t<\/div>\n\t\t\t\t<\/div>\n\t\t\t\t\t<\/div>\n\t\t<\/div>\n\t\t\t\t\t<\/div>\n\t\t<\/section>\n\t\t\t\t<section class=\"elementor-section elementor-top-section elementor-element elementor-element-44e53083 elementor-section-boxed elementor-section-height-default elementor-section-height-default\" data-id=\"44e53083\" data-element_type=\"section\" data-e-type=\"section\" data-settings=\"{&quot;background_background&quot;:&quot;classic&quot;}\">\n\t\t\t\t\t\t<div class=\"elementor-container elementor-column-gap-default\">\n\t\t\t\t\t<div class=\"elementor-column elementor-col-100 elementor-top-column elementor-element elementor-element-28ccb34b\" data-id=\"28ccb34b\" data-element_type=\"column\" data-e-type=\"column\">\n\t\t\t<div class=\"elementor-widget-wrap elementor-element-populated\">\n\t\t\t\t\t\t<div class=\"elementor-element elementor-element-e78e228 elementor-widget elementor-widget-heading\" data-id=\"e78e228\" data-element_type=\"widget\" data-e-type=\"widget\" data-widget_type=\"heading.default\">\n\t\t\t\t<div class=\"elementor-widget-container\">\n\t\t\t\t\t<h1 class=\"elementor-heading-title elementor-size-default\">MAIN ADVANTAGES<\/h1>\t\t\t\t<\/div>\n\t\t\t\t<\/div>\n\t\t\t\t<div class=\"elementor-element elementor-element-75968bc elementor-widget-divider--view-line elementor-widget elementor-widget-divider\" data-id=\"75968bc\" data-element_type=\"widget\" data-e-type=\"widget\" data-widget_type=\"divider.default\">\n\t\t\t\t<div class=\"elementor-widget-container\">\n\t\t\t\t\t\t\t<div class=\"elementor-divider\">\n\t\t\t<span class=\"elementor-divider-separator\">\n\t\t\t\t\t\t<\/span>\n\t\t<\/div>\n\t\t\t\t\t\t<\/div>\n\t\t\t\t<\/div>\n\t\t\t\t<section class=\"elementor-section elementor-inner-section elementor-element elementor-element-1bb51272 elementor-section-boxed elementor-section-height-default elementor-section-height-default\" data-id=\"1bb51272\" data-element_type=\"section\" data-e-type=\"section\">\n\t\t\t\t\t\t<div class=\"elementor-container elementor-column-gap-default\">\n\t\t\t\t\t<div class=\"elementor-column elementor-col-33 elementor-inner-column elementor-element elementor-element-1708faf2\" data-id=\"1708faf2\" data-element_type=\"column\" data-e-type=\"column\" data-settings=\"{&quot;background_background&quot;:&quot;classic&quot;}\">\n\t\t\t<div class=\"elementor-widget-wrap elementor-element-populated\">\n\t\t\t\t\t\t<div class=\"elementor-element elementor-element-2add265f elementor-view-stacked elementor-shape-circle elementor-position-block-start elementor-mobile-position-block-start elementor-widget elementor-widget-icon-box\" data-id=\"2add265f\" data-element_type=\"widget\" data-e-type=\"widget\" data-widget_type=\"icon-box.default\">\n\t\t\t\t<div class=\"elementor-widget-container\">\n\t\t\t\t\t\t\t<div class=\"elementor-icon-box-wrapper\">\n\n\t\t\t\t\t\t<div class=\"elementor-icon-box-icon\">\n\t\t\t\t<span  class=\"elementor-icon\">\n\t\t\t\t<i aria-hidden=\"true\" class=\"fas fa-industry\"><\/i>\t\t\t\t<\/span>\n\t\t\t<\/div>\n\t\t\t\n\t\t\t\t\t\t<div class=\"elementor-icon-box-content\">\n\n\t\t\t\t\t\t\t\t\t<h2 class=\"elementor-icon-box-title\">\n\t\t\t\t\t\t<span  >\n\t\t\t\t\t\t\tVertical solution for Industry\t\t\t\t\t\t<\/span>\n\t\t\t\t\t<\/h2>\n\t\t\t\t\n\t\t\t\t\t\t\t\t\t<p class=\"elementor-icon-box-description\">\n\t\t\t\t\t\tThe VMP Plan solution offers complete integration of the production cycle, optimizing efficiency by eliminating time-consuming tasks with lower added value.\t\t\t\t\t<\/p>\n\t\t\t\t\n\t\t\t<\/div>\n\t\t\t\n\t\t<\/div>\n\t\t\t\t\t\t<\/div>\n\t\t\t\t<\/div>\n\t\t\t\t\t<\/div>\n\t\t<\/div>\n\t\t\t\t<div class=\"elementor-column elementor-col-33 elementor-inner-column elementor-element elementor-element-225f3b41\" data-id=\"225f3b41\" data-element_type=\"column\" data-e-type=\"column\" data-settings=\"{&quot;background_background&quot;:&quot;classic&quot;}\">\n\t\t\t<div class=\"elementor-widget-wrap elementor-element-populated\">\n\t\t\t\t\t\t<div class=\"elementor-element elementor-element-30ebfc4a elementor-view-stacked elementor-shape-circle elementor-position-block-start elementor-mobile-position-block-start elementor-widget elementor-widget-icon-box\" data-id=\"30ebfc4a\" data-element_type=\"widget\" data-e-type=\"widget\" data-widget_type=\"icon-box.default\">\n\t\t\t\t<div class=\"elementor-widget-container\">\n\t\t\t\t\t\t\t<div class=\"elementor-icon-box-wrapper\">\n\n\t\t\t\t\t\t<div class=\"elementor-icon-box-icon\">\n\t\t\t\t<span  class=\"elementor-icon\">\n\t\t\t\t<i aria-hidden=\"true\" class=\"fas fa-stopwatch\"><\/i>\t\t\t\t<\/span>\n\t\t\t<\/div>\n\t\t\t\n\t\t\t\t\t\t<div class=\"elementor-icon-box-content\">\n\n\t\t\t\t\t\t\t\t\t<h2 class=\"elementor-icon-box-title\">\n\t\t\t\t\t\t<span  >\n\t\t\t\t\t\t\tReal-time production planning and control\t\t\t\t\t\t<\/span>\n\t\t\t\t\t<\/h2>\n\t\t\t\t\n\t\t\t\t\t\t\t\t\t<p class=\"elementor-icon-box-description\">\n\t\t\t\t\t\tReal-time and detailed recording of costs and times per operation, providing a clear view of the performance and efficiency of each stage of the process.\t\t\t\t\t<\/p>\n\t\t\t\t\n\t\t\t<\/div>\n\t\t\t\n\t\t<\/div>\n\t\t\t\t\t\t<\/div>\n\t\t\t\t<\/div>\n\t\t\t\t\t<\/div>\n\t\t<\/div>\n\t\t\t\t<div class=\"elementor-column elementor-col-33 elementor-inner-column elementor-element elementor-element-163b3578\" data-id=\"163b3578\" data-element_type=\"column\" data-e-type=\"column\" data-settings=\"{&quot;background_background&quot;:&quot;classic&quot;}\">\n\t\t\t<div class=\"elementor-widget-wrap elementor-element-populated\">\n\t\t\t\t\t\t<div class=\"elementor-element elementor-element-2c8a63db elementor-view-stacked elementor-shape-circle elementor-position-block-start elementor-mobile-position-block-start elementor-widget elementor-widget-icon-box\" data-id=\"2c8a63db\" data-element_type=\"widget\" data-e-type=\"widget\" data-widget_type=\"icon-box.default\">\n\t\t\t\t<div class=\"elementor-widget-container\">\n\t\t\t\t\t\t\t<div class=\"elementor-icon-box-wrapper\">\n\n\t\t\t\t\t\t<div class=\"elementor-icon-box-icon\">\n\t\t\t\t<span  class=\"elementor-icon\">\n\t\t\t\t<i aria-hidden=\"true\" class=\"fas fa-clone\"><\/i>\t\t\t\t<\/span>\n\t\t\t<\/div>\n\t\t\t\n\t\t\t\t\t\t<div class=\"elementor-icon-box-content\">\n\n\t\t\t\t\t\t\t\t\t<h2 class=\"elementor-icon-box-title\">\n\t\t\t\t\t\t<span  >\n\t\t\t\t\t\t\tDigitalization of all production processes\t\t\t\t\t\t<\/span>\n\t\t\t\t\t<\/h2>\n\t\t\t\t\n\t\t\t\t\t\t\t\t\t<p class=\"elementor-icon-box-description\">\n\t\t\t\t\t\tUses the latest technologies to drive efficiency, competitiveness and innovation in business operations.\t\t\t\t\t<\/p>\n\t\t\t\t\n\t\t\t<\/div>\n\t\t\t\n\t\t<\/div>\n\t\t\t\t\t\t<\/div>\n\t\t\t\t<\/div>\n\t\t\t\t\t<\/div>\n\t\t<\/div>\n\t\t\t\t\t<\/div>\n\t\t<\/section>\n\t\t\t\t<section class=\"elementor-section elementor-inner-section elementor-element elementor-element-d681c49 elementor-section-boxed elementor-section-height-default elementor-section-height-default\" data-id=\"d681c49\" data-element_type=\"section\" data-e-type=\"section\">\n\t\t\t\t\t\t<div class=\"elementor-container elementor-column-gap-default\">\n\t\t\t\t\t<div class=\"elementor-column elementor-col-33 elementor-inner-column elementor-element elementor-element-84ff1ad\" data-id=\"84ff1ad\" data-element_type=\"column\" data-e-type=\"column\" data-settings=\"{&quot;background_background&quot;:&quot;classic&quot;}\">\n\t\t\t<div class=\"elementor-widget-wrap elementor-element-populated\">\n\t\t\t\t\t\t<div class=\"elementor-element elementor-element-6a37c0c elementor-view-stacked elementor-shape-circle elementor-position-block-start elementor-mobile-position-block-start elementor-widget elementor-widget-icon-box\" data-id=\"6a37c0c\" data-element_type=\"widget\" data-e-type=\"widget\" data-widget_type=\"icon-box.default\">\n\t\t\t\t<div class=\"elementor-widget-container\">\n\t\t\t\t\t\t\t<div class=\"elementor-icon-box-wrapper\">\n\n\t\t\t\t\t\t<div class=\"elementor-icon-box-icon\">\n\t\t\t\t<span  class=\"elementor-icon\">\n\t\t\t\t<i aria-hidden=\"true\" class=\"fas fa-adjust\"><\/i>\t\t\t\t<\/span>\n\t\t\t<\/div>\n\t\t\t\n\t\t\t\t\t\t<div class=\"elementor-icon-box-content\">\n\n\t\t\t\t\t\t\t\t\t<h2 class=\"elementor-icon-box-title\">\n\t\t\t\t\t\t<span  >\n\t\t\t\t\t\t\tAdaptable to various processes\t\t\t\t\t\t<\/span>\n\t\t\t\t\t<\/h2>\n\t\t\t\t\n\t\t\t\t\t\t\t\t\t<p class=\"elementor-icon-box-description\">\n\t\t\t\t\t\tWith unlimited configurable operations and steps, VMP Plan provides great flexibility to meet the specific requirements of each context.\t\t\t\t\t<\/p>\n\t\t\t\t\n\t\t\t<\/div>\n\t\t\t\n\t\t<\/div>\n\t\t\t\t\t\t<\/div>\n\t\t\t\t<\/div>\n\t\t\t\t\t<\/div>\n\t\t<\/div>\n\t\t\t\t<div class=\"elementor-column elementor-col-33 elementor-inner-column elementor-element elementor-element-bc96507\" data-id=\"bc96507\" data-element_type=\"column\" data-e-type=\"column\" data-settings=\"{&quot;background_background&quot;:&quot;classic&quot;}\">\n\t\t\t<div class=\"elementor-widget-wrap elementor-element-populated\">\n\t\t\t\t\t\t<div class=\"elementor-element elementor-element-d52d288 elementor-view-stacked elementor-shape-circle elementor-position-block-start elementor-mobile-position-block-start elementor-widget elementor-widget-icon-box\" data-id=\"d52d288\" data-element_type=\"widget\" data-e-type=\"widget\" data-widget_type=\"icon-box.default\">\n\t\t\t\t<div class=\"elementor-widget-container\">\n\t\t\t\t\t\t\t<div class=\"elementor-icon-box-wrapper\">\n\n\t\t\t\t\t\t<div class=\"elementor-icon-box-icon\">\n\t\t\t\t<span  class=\"elementor-icon\">\n\t\t\t\t<i aria-hidden=\"true\" class=\"fas fa-check-circle\"><\/i>\t\t\t\t<\/span>\n\t\t\t<\/div>\n\t\t\t\n\t\t\t\t\t\t<div class=\"elementor-icon-box-content\">\n\n\t\t\t\t\t\t\t\t\t<h2 class=\"elementor-icon-box-title\">\n\t\t\t\t\t\t<span  >\n\t\t\t\t\t\t\tQuality control in any operation\t\t\t\t\t\t<\/span>\n\t\t\t\t\t<\/h2>\n\t\t\t\t\n\t\t\t\t\t\t\t\t\t<p class=\"elementor-icon-box-description\">\n\t\t\t\t\t\tImplementation of rigorous quality assessment and assurance processes in all phases and stages of a business operation.\t\t\t\t\t<\/p>\n\t\t\t\t\n\t\t\t<\/div>\n\t\t\t\n\t\t<\/div>\n\t\t\t\t\t\t<\/div>\n\t\t\t\t<\/div>\n\t\t\t\t\t<\/div>\n\t\t<\/div>\n\t\t\t\t<div class=\"elementor-column elementor-col-33 elementor-inner-column elementor-element elementor-element-5d1ab23\" data-id=\"5d1ab23\" data-element_type=\"column\" data-e-type=\"column\" data-settings=\"{&quot;background_background&quot;:&quot;classic&quot;}\">\n\t\t\t<div class=\"elementor-widget-wrap elementor-element-populated\">\n\t\t\t\t\t\t<div class=\"elementor-element elementor-element-97d7ed9 elementor-view-stacked elementor-shape-circle elementor-position-block-start elementor-mobile-position-block-start elementor-widget elementor-widget-icon-box\" data-id=\"97d7ed9\" data-element_type=\"widget\" data-e-type=\"widget\" data-widget_type=\"icon-box.default\">\n\t\t\t\t<div class=\"elementor-widget-container\">\n\t\t\t\t\t\t\t<div class=\"elementor-icon-box-wrapper\">\n\n\t\t\t\t\t\t<div class=\"elementor-icon-box-icon\">\n\t\t\t\t<span  class=\"elementor-icon\">\n\t\t\t\t<i aria-hidden=\"true\" class=\"fas fa-chart-pie\"><\/i>\t\t\t\t<\/span>\n\t\t\t<\/div>\n\t\t\t\n\t\t\t\t\t\t<div class=\"elementor-icon-box-content\">\n\n\t\t\t\t\t\t\t\t\t<h2 class=\"elementor-icon-box-title\">\n\t\t\t\t\t\t<span  >\n\t\t\t\t\t\t\tGraphic exploration\t\t\t\t\t\t<\/span>\n\t\t\t\t\t<\/h2>\n\t\t\t\t\n\t\t\t\t\t\t\t\t\t<p class=\"elementor-icon-box-description\">\n\t\t\t\t\t\tValuable tool for improving operational efficiency, identifying areas for improvement, predicting potential challenges and, ultimately, improving overall production performance.\t\t\t\t\t<\/p>\n\t\t\t\t\n\t\t\t<\/div>\n\t\t\t\n\t\t<\/div>\n\t\t\t\t\t\t<\/div>\n\t\t\t\t<\/div>\n\t\t\t\t\t<\/div>\n\t\t<\/div>\n\t\t\t\t\t<\/div>\n\t\t<\/section>\n\t\t\t\t\t<\/div>\n\t\t<\/div>\n\t\t\t\t\t<\/div>\n\t\t<\/section>\n\t\t\t\t<section class=\"elementor-section elementor-top-section elementor-element elementor-element-b1cc9b8 elementor-section-boxed elementor-section-height-default elementor-section-height-default\" data-id=\"b1cc9b8\" data-element_type=\"section\" data-e-type=\"section\" data-settings=\"{&quot;background_background&quot;:&quot;classic&quot;}\">\n\t\t\t\t\t\t<div class=\"elementor-container elementor-column-gap-default\">\n\t\t\t\t\t<div class=\"elementor-column elementor-col-100 elementor-top-column elementor-element elementor-element-b655843\" data-id=\"b655843\" data-element_type=\"column\" data-e-type=\"column\">\n\t\t\t<div class=\"elementor-widget-wrap elementor-element-populated\">\n\t\t\t\t\t\t<div class=\"elementor-element elementor-element-c241478 elementor-widget elementor-widget-heading\" data-id=\"c241478\" data-element_type=\"widget\" data-e-type=\"widget\" data-widget_type=\"heading.default\">\n\t\t\t\t<div class=\"elementor-widget-container\">\n\t\t\t\t\t<h1 class=\"elementor-heading-title elementor-size-default\">overview video<\/h1>\t\t\t\t<\/div>\n\t\t\t\t<\/div>\n\t\t\t\t<div class=\"elementor-element elementor-element-250f74a elementor-widget-divider--view-line elementor-widget elementor-widget-divider\" data-id=\"250f74a\" data-element_type=\"widget\" data-e-type=\"widget\" data-widget_type=\"divider.default\">\n\t\t\t\t<div class=\"elementor-widget-container\">\n\t\t\t\t\t\t\t<div class=\"elementor-divider\">\n\t\t\t<span class=\"elementor-divider-separator\">\n\t\t\t\t\t\t<\/span>\n\t\t<\/div>\n\t\t\t\t\t\t<\/div>\n\t\t\t\t<\/div>\n\t\t\t\t<div class=\"elementor-element elementor-element-95570a0 elementor-widget elementor-widget-video\" data-id=\"95570a0\" data-element_type=\"widget\" data-e-type=\"widget\" data-settings=\"{&quot;youtube_url&quot;:&quot;https:\\\/\\\/youtu.be\\\/VGULI2CR_24?si=ez-JjX2HOhtZAmEv&quot;,&quot;autoplay&quot;:&quot;yes&quot;,&quot;loop&quot;:&quot;yes&quot;,&quot;video_type&quot;:&quot;youtube&quot;,&quot;controls&quot;:&quot;yes&quot;}\" data-widget_type=\"video.default\">\n\t\t\t\t<div class=\"elementor-widget-container\">\n\t\t\t\t\t\t\t<div class=\"elementor-wrapper elementor-open-inline\">\n\t\t\t<div class=\"elementor-video\"><\/div>\t\t<\/div>\n\t\t\t\t\t\t<\/div>\n\t\t\t\t<\/div>\n\t\t\t\t\t<\/div>\n\t\t<\/div>\n\t\t\t\t\t<\/div>\n\t\t<\/section>\n\t\t\t\t<\/div>","protected":false},"excerpt":{"rendered":"<p>IND\u00daSTRIA 360\u00ba VIS\u00c3O GERAL VMP PLAN Pedir demo! PRINCIPAIS VANTAGENS Solu\u00e7\u00e3o vertical para a Ind\u00fastria A solu\u00e7\u00e3o VMP Plan oferece uma integra\u00e7\u00e3o [&hellip;]<\/p>\n","protected":false},"author":1,"featured_media":1857,"parent":0,"menu_order":0,"comment_status":"closed","ping_status":"closed","template":"page-templates\/page_front-page.php","meta":{"footnotes":""},"class_list":["post-372","page","type-page","status-publish","has-post-thumbnail","hentry"],"yoast_head":"<!-- This site is optimized with the Yoast SEO plugin v27.4 - https:\/\/yoast.com\/product\/yoast-seo-wordpress\/ -->\n<title>Vis\u00e3o geral VMP Plan - VMP Plan<\/title>\n<meta name=\"robots\" content=\"index, follow, max-snippet:-1, max-image-preview:large, max-video-preview:-1\" \/>\n<link rel=\"canonical\" href=\"https:\/\/vmp-plan.vimaponto.com\/en\/visao-geral-vmp-plan\/\" \/>\n<meta property=\"og:locale\" content=\"en_GB\" \/>\n<meta property=\"og:type\" content=\"article\" \/>\n<meta property=\"og:title\" content=\"Vis\u00e3o geral VMP Plan - VMP Plan\" \/>\n<meta property=\"og:description\" content=\"IND\u00daSTRIA 360\u00ba VIS\u00c3O GERAL VMP PLAN Pedir demo! PRINCIPAIS VANTAGENS Solu\u00e7\u00e3o vertical para a Ind\u00fastria A solu\u00e7\u00e3o VMP Plan oferece uma integra\u00e7\u00e3o [&hellip;]\" \/>\n<meta property=\"og:url\" content=\"https:\/\/vmp-plan.vimaponto.com\/en\/visao-geral-vmp-plan\/\" \/>\n<meta property=\"og:site_name\" content=\"VMP Plan\" \/>\n<meta property=\"article:publisher\" content=\"https:\/\/www.facebook.com\/vimaponto\" \/>\n<meta property=\"article:modified_time\" content=\"2024-10-03T11:28:21+00:00\" \/>\n<meta property=\"og:image\" content=\"https:\/\/vmp-plan.vimaponto.com\/wp-content\/uploads\/2024\/01\/2023_AcompanhamentoProducao-mockup.jpg\" \/>\n\t<meta property=\"og:image:width\" content=\"1440\" \/>\n\t<meta property=\"og:image:height\" content=\"810\" \/>\n\t<meta property=\"og:image:type\" content=\"image\/jpeg\" \/>\n<meta name=\"twitter:card\" content=\"summary_large_image\" \/>\n<meta name=\"twitter:label1\" content=\"Estimated reading time\" \/>\n\t<meta name=\"twitter:data1\" content=\"1 minute\" \/>\n<script type=\"application\/ld+json\" class=\"yoast-schema-graph\">{\"@context\":\"https:\\\/\\\/schema.org\",\"@graph\":[{\"@type\":\"WebPage\",\"@id\":\"https:\\\/\\\/vmp-plan.vimaponto.com\\\/visao-geral-vmp-plan\\\/\",\"url\":\"https:\\\/\\\/vmp-plan.vimaponto.com\\\/visao-geral-vmp-plan\\\/\",\"name\":\"Vis\u00e3o geral VMP Plan - VMP Plan\",\"isPartOf\":{\"@id\":\"https:\\\/\\\/vmp-plan.vimaponto.com\\\/#website\"},\"primaryImageOfPage\":{\"@id\":\"https:\\\/\\\/vmp-plan.vimaponto.com\\\/visao-geral-vmp-plan\\\/#primaryimage\"},\"image\":{\"@id\":\"https:\\\/\\\/vmp-plan.vimaponto.com\\\/visao-geral-vmp-plan\\\/#primaryimage\"},\"thumbnailUrl\":\"https:\\\/\\\/vmp-plan.vimaponto.com\\\/wp-content\\\/uploads\\\/2024\\\/01\\\/2023_AcompanhamentoProducao-mockup.jpg\",\"datePublished\":\"2019-10-30T19:49:14+00:00\",\"dateModified\":\"2024-10-03T11:28:21+00:00\",\"breadcrumb\":{\"@id\":\"https:\\\/\\\/vmp-plan.vimaponto.com\\\/visao-geral-vmp-plan\\\/#breadcrumb\"},\"inLanguage\":\"en-GB\",\"potentialAction\":[{\"@type\":\"ReadAction\",\"target\":[\"https:\\\/\\\/vmp-plan.vimaponto.com\\\/visao-geral-vmp-plan\\\/\"]}]},{\"@type\":\"ImageObject\",\"inLanguage\":\"en-GB\",\"@id\":\"https:\\\/\\\/vmp-plan.vimaponto.com\\\/visao-geral-vmp-plan\\\/#primaryimage\",\"url\":\"https:\\\/\\\/vmp-plan.vimaponto.com\\\/wp-content\\\/uploads\\\/2024\\\/01\\\/2023_AcompanhamentoProducao-mockup.jpg\",\"contentUrl\":\"https:\\\/\\\/vmp-plan.vimaponto.com\\\/wp-content\\\/uploads\\\/2024\\\/01\\\/2023_AcompanhamentoProducao-mockup.jpg\",\"width\":1440,\"height\":810,\"caption\":\"Acompanhe a produ\u00e7\u00e3o em tempo real com o VMP Plan\"},{\"@type\":\"BreadcrumbList\",\"@id\":\"https:\\\/\\\/vmp-plan.vimaponto.com\\\/visao-geral-vmp-plan\\\/#breadcrumb\",\"itemListElement\":[{\"@type\":\"ListItem\",\"position\":1,\"name\":\"In\u00edcio\",\"item\":\"https:\\\/\\\/vmp-plan.vimaponto.com\\\/\"},{\"@type\":\"ListItem\",\"position\":2,\"name\":\"Vis\u00e3o geral VMP Plan\"}]},{\"@type\":\"WebSite\",\"@id\":\"https:\\\/\\\/vmp-plan.vimaponto.com\\\/#website\",\"url\":\"https:\\\/\\\/vmp-plan.vimaponto.com\\\/\",\"name\":\"VMP Plan\",\"description\":\"Software de Gest\u00e3o de Produ\u00e7\u00e3o para Ind\u00fastria\",\"potentialAction\":[{\"@type\":\"SearchAction\",\"target\":{\"@type\":\"EntryPoint\",\"urlTemplate\":\"https:\\\/\\\/vmp-plan.vimaponto.com\\\/?s={search_term_string}\"},\"query-input\":{\"@type\":\"PropertyValueSpecification\",\"valueRequired\":true,\"valueName\":\"search_term_string\"}}],\"inLanguage\":\"en-GB\"}]}<\/script>\n<!-- \/ Yoast SEO plugin. -->","yoast_head_json":{"title":"Vis\u00e3o geral VMP Plan - VMP Plan","robots":{"index":"index","follow":"follow","max-snippet":"max-snippet:-1","max-image-preview":"max-image-preview:large","max-video-preview":"max-video-preview:-1"},"canonical":"https:\/\/vmp-plan.vimaponto.com\/en\/visao-geral-vmp-plan\/","og_locale":"en_GB","og_type":"article","og_title":"Vis\u00e3o geral VMP Plan - VMP Plan","og_description":"IND\u00daSTRIA 360\u00ba VIS\u00c3O GERAL VMP PLAN Pedir demo! PRINCIPAIS VANTAGENS Solu\u00e7\u00e3o vertical para a Ind\u00fastria A solu\u00e7\u00e3o VMP Plan oferece uma integra\u00e7\u00e3o [&hellip;]","og_url":"https:\/\/vmp-plan.vimaponto.com\/en\/visao-geral-vmp-plan\/","og_site_name":"VMP Plan","article_publisher":"https:\/\/www.facebook.com\/vimaponto","article_modified_time":"2024-10-03T11:28:21+00:00","og_image":[{"width":1440,"height":810,"url":"https:\/\/vmp-plan.vimaponto.com\/wp-content\/uploads\/2024\/01\/2023_AcompanhamentoProducao-mockup.jpg","type":"image\/jpeg"}],"twitter_card":"summary_large_image","twitter_misc":{"Estimated reading time":"1 minute"},"schema":{"@context":"https:\/\/schema.org","@graph":[{"@type":"WebPage","@id":"https:\/\/vmp-plan.vimaponto.com\/visao-geral-vmp-plan\/","url":"https:\/\/vmp-plan.vimaponto.com\/visao-geral-vmp-plan\/","name":"Vis\u00e3o geral VMP Plan - VMP Plan","isPartOf":{"@id":"https:\/\/vmp-plan.vimaponto.com\/#website"},"primaryImageOfPage":{"@id":"https:\/\/vmp-plan.vimaponto.com\/visao-geral-vmp-plan\/#primaryimage"},"image":{"@id":"https:\/\/vmp-plan.vimaponto.com\/visao-geral-vmp-plan\/#primaryimage"},"thumbnailUrl":"https:\/\/vmp-plan.vimaponto.com\/wp-content\/uploads\/2024\/01\/2023_AcompanhamentoProducao-mockup.jpg","datePublished":"2019-10-30T19:49:14+00:00","dateModified":"2024-10-03T11:28:21+00:00","breadcrumb":{"@id":"https:\/\/vmp-plan.vimaponto.com\/visao-geral-vmp-plan\/#breadcrumb"},"inLanguage":"en-GB","potentialAction":[{"@type":"ReadAction","target":["https:\/\/vmp-plan.vimaponto.com\/visao-geral-vmp-plan\/"]}]},{"@type":"ImageObject","inLanguage":"en-GB","@id":"https:\/\/vmp-plan.vimaponto.com\/visao-geral-vmp-plan\/#primaryimage","url":"https:\/\/vmp-plan.vimaponto.com\/wp-content\/uploads\/2024\/01\/2023_AcompanhamentoProducao-mockup.jpg","contentUrl":"https:\/\/vmp-plan.vimaponto.com\/wp-content\/uploads\/2024\/01\/2023_AcompanhamentoProducao-mockup.jpg","width":1440,"height":810,"caption":"Acompanhe a produ\u00e7\u00e3o em tempo real com o VMP Plan"},{"@type":"BreadcrumbList","@id":"https:\/\/vmp-plan.vimaponto.com\/visao-geral-vmp-plan\/#breadcrumb","itemListElement":[{"@type":"ListItem","position":1,"name":"In\u00edcio","item":"https:\/\/vmp-plan.vimaponto.com\/"},{"@type":"ListItem","position":2,"name":"Vis\u00e3o geral VMP Plan"}]},{"@type":"WebSite","@id":"https:\/\/vmp-plan.vimaponto.com\/#website","url":"https:\/\/vmp-plan.vimaponto.com\/","name":"VMP Plan","description":"Software de Gest\u00e3o de Produ\u00e7\u00e3o para Ind\u00fastria","potentialAction":[{"@type":"SearchAction","target":{"@type":"EntryPoint","urlTemplate":"https:\/\/vmp-plan.vimaponto.com\/?s={search_term_string}"},"query-input":{"@type":"PropertyValueSpecification","valueRequired":true,"valueName":"search_term_string"}}],"inLanguage":"en-GB"}]}},"_links":{"self":[{"href":"https:\/\/vmp-plan.vimaponto.com\/en\/wp-json\/wp\/v2\/pages\/372","targetHints":{"allow":["GET"]}}],"collection":[{"href":"https:\/\/vmp-plan.vimaponto.com\/en\/wp-json\/wp\/v2\/pages"}],"about":[{"href":"https:\/\/vmp-plan.vimaponto.com\/en\/wp-json\/wp\/v2\/types\/page"}],"author":[{"embeddable":true,"href":"https:\/\/vmp-plan.vimaponto.com\/en\/wp-json\/wp\/v2\/users\/1"}],"replies":[{"embeddable":true,"href":"https:\/\/vmp-plan.vimaponto.com\/en\/wp-json\/wp\/v2\/comments?post=372"}],"version-history":[{"count":58,"href":"https:\/\/vmp-plan.vimaponto.com\/en\/wp-json\/wp\/v2\/pages\/372\/revisions"}],"predecessor-version":[{"id":2364,"href":"https:\/\/vmp-plan.vimaponto.com\/en\/wp-json\/wp\/v2\/pages\/372\/revisions\/2364"}],"wp:featuredmedia":[{"embeddable":true,"href":"https:\/\/vmp-plan.vimaponto.com\/en\/wp-json\/wp\/v2\/media\/1857"}],"wp:attachment":[{"href":"https:\/\/vmp-plan.vimaponto.com\/en\/wp-json\/wp\/v2\/media?parent=372"}],"curies":[{"name":"wp","href":"https:\/\/api.w.org\/{rel}","templated":true}]}}