{"id":1258,"date":"2021-06-14T10:25:16","date_gmt":"2021-06-14T10:25:16","guid":{"rendered":"https:\/\/vmp-plan.vimaponto.com\/?page_id=1258"},"modified":"2024-10-03T11:30:06","modified_gmt":"2024-10-03T11:30:06","slug":"vmp-plan-industria-4-0","status":"publish","type":"page","link":"http:\/\/vmp-plan.vimaponto.com\/en\/vmp-plan-industria-4-0\/","title":{"rendered":"Industry 4.0"},"content":{"rendered":"<div data-elementor-type=\"wp-page\" data-elementor-id=\"1258\" class=\"elementor elementor-1258\">\n\t\t\t\t\t\t<section class=\"elementor-section elementor-top-section elementor-element elementor-element-11e19dc elementor-section-full_width elementor-section-height-full elementor-section-height-default elementor-section-items-middle\" data-id=\"11e19dc\" data-element_type=\"section\" data-e-type=\"section\" data-settings=\"{&quot;background_background&quot;:&quot;classic&quot;}\">\n\t\t\t\t\t\t<div class=\"elementor-container elementor-column-gap-default\">\n\t\t\t\t\t<div class=\"elementor-column elementor-col-50 elementor-top-column elementor-element elementor-element-81a1fca\" data-id=\"81a1fca\" data-element_type=\"column\" data-e-type=\"column\">\n\t\t\t<div class=\"elementor-widget-wrap elementor-element-populated\">\n\t\t\t\t\t\t<div class=\"elementor-element elementor-element-d79b548 elementor-widget-mobile__width-auto elementor-widget elementor-widget-heading\" data-id=\"d79b548\" data-element_type=\"widget\" data-e-type=\"widget\" data-settings=\"{&quot;_animation_mobile&quot;:&quot;none&quot;}\" data-widget_type=\"heading.default\">\n\t\t\t\t<div class=\"elementor-widget-container\">\n\t\t\t\t\t<h1 class=\"elementor-heading-title elementor-size-default translation-block\">INDUSTRY 4.0:<br>NEW ERA OF SMART AND DIGITAL PRODUCTION<\/h1>\t\t\t\t<\/div>\n\t\t\t\t<\/div>\n\t\t\t\t\t<\/div>\n\t\t<\/div>\n\t\t\t\t<div class=\"elementor-column elementor-col-50 elementor-top-column elementor-element elementor-element-d11e359\" data-id=\"d11e359\" data-element_type=\"column\" data-e-type=\"column\">\n\t\t\t<div class=\"elementor-widget-wrap elementor-element-populated\">\n\t\t\t\t\t\t<div class=\"elementor-element elementor-element-c95f473 elementor-align-center elementor-widget elementor-widget-button\" data-id=\"c95f473\" data-element_type=\"widget\" data-e-type=\"widget\" data-widget_type=\"button.default\">\n\t\t\t\t<div class=\"elementor-widget-container\">\n\t\t\t\t\t\t\t\t\t<div class=\"elementor-button-wrapper\">\n\t\t\t\t\t<a class=\"elementor-button elementor-button-link elementor-size-lg elementor-animation-pulse\" href=\"#\">\n\t\t\t\t\t\t<span class=\"elementor-button-content-wrapper\">\n\t\t\t\t\t\t\t\t\t<span class=\"elementor-button-text\">Request demo!<\/span>\n\t\t\t\t\t<\/span>\n\t\t\t\t\t<\/a>\n\t\t\t\t<\/div>\n\t\t\t\t\t\t\t\t<\/div>\n\t\t\t\t<\/div>\n\t\t\t\t\t<\/div>\n\t\t<\/div>\n\t\t\t\t\t<\/div>\n\t\t<\/section>\n\t\t\t\t<section class=\"elementor-section elementor-top-section elementor-element elementor-element-3f03516 elementor-section-boxed elementor-section-height-default elementor-section-height-default\" data-id=\"3f03516\" data-element_type=\"section\" data-e-type=\"section\" data-settings=\"{&quot;background_background&quot;:&quot;classic&quot;}\">\n\t\t\t\t\t\t<div class=\"elementor-container elementor-column-gap-default\">\n\t\t\t\t\t<div class=\"elementor-column elementor-col-100 elementor-top-column elementor-element elementor-element-2369d19\" data-id=\"2369d19\" data-element_type=\"column\" data-e-type=\"column\" data-settings=\"{&quot;background_background&quot;:&quot;slideshow&quot;,&quot;background_slideshow_gallery&quot;:[],&quot;background_slideshow_loop&quot;:&quot;yes&quot;,&quot;background_slideshow_slide_duration&quot;:5000,&quot;background_slideshow_slide_transition&quot;:&quot;fade&quot;,&quot;background_slideshow_transition_duration&quot;:500}\">\n\t\t\t<div class=\"elementor-widget-wrap elementor-element-populated\">\n\t\t\t\t\t\t<div class=\"elementor-element elementor-element-983e790 elementor-widget elementor-widget-heading\" data-id=\"983e790\" data-element_type=\"widget\" data-e-type=\"widget\" data-widget_type=\"heading.default\">\n\t\t\t\t<div class=\"elementor-widget-container\">\n\t\t\t\t\t<h1 class=\"elementor-heading-title elementor-size-default\">SMARTER, MORE DIGITAL<\/h1>\t\t\t\t<\/div>\n\t\t\t\t<\/div>\n\t\t\t\t<div class=\"elementor-element elementor-element-cea850e elementor-widget-divider--view-line elementor-widget elementor-widget-divider\" data-id=\"cea850e\" data-element_type=\"widget\" data-e-type=\"widget\" data-widget_type=\"divider.default\">\n\t\t\t\t<div class=\"elementor-widget-container\">\n\t\t\t\t\t\t\t<div class=\"elementor-divider\">\n\t\t\t<span class=\"elementor-divider-separator\">\n\t\t\t\t\t\t<\/span>\n\t\t<\/div>\n\t\t\t\t\t\t<\/div>\n\t\t\t\t<\/div>\n\t\t\t\t\t<\/div>\n\t\t<\/div>\n\t\t\t\t\t<\/div>\n\t\t<\/section>\n\t\t\t\t<section class=\"elementor-section elementor-top-section elementor-element elementor-element-7b61418 elementor-section-boxed elementor-section-height-default elementor-section-height-default\" data-id=\"7b61418\" data-element_type=\"section\" data-e-type=\"section\" data-settings=\"{&quot;background_background&quot;:&quot;classic&quot;}\">\n\t\t\t\t\t\t<div class=\"elementor-container elementor-column-gap-default\">\n\t\t\t\t\t<div class=\"elementor-column elementor-col-50 elementor-top-column elementor-element elementor-element-e91dcbc\" data-id=\"e91dcbc\" data-element_type=\"column\" data-e-type=\"column\" data-settings=\"{&quot;background_background&quot;:&quot;slideshow&quot;,&quot;background_slideshow_gallery&quot;:[],&quot;background_slideshow_loop&quot;:&quot;yes&quot;,&quot;background_slideshow_slide_duration&quot;:5000,&quot;background_slideshow_slide_transition&quot;:&quot;fade&quot;,&quot;background_slideshow_transition_duration&quot;:500}\">\n\t\t\t<div class=\"elementor-widget-wrap elementor-element-populated\">\n\t\t\t\t\t\t<div class=\"elementor-element elementor-element-00ea692 elementor-widget elementor-widget-text-editor\" data-id=\"00ea692\" data-element_type=\"widget\" data-e-type=\"widget\" data-widget_type=\"text-editor.default\">\n\t\t\t\t<div class=\"elementor-widget-container\">\n\t\t\t\t\t\t\t\t\t<p class=\"translation-block\">It is not new that new technologies are increasingly used in companies with the objective of improving their processes and increasing competitiveness. Through this scenario, the concept of industry 4.0 or 4th industrial revolution was established. These concepts are often referred to as production models are going through an era of transformation.<\/p><p class=\"translation-block\">Industry 4.0 focuses on the full digitalization of physical assets and their integration into digital ecosystems with the various suppliers present in the value chain. In short, this concept is not a fad, but an evolution of industrial production systems that guarantee several benefits, such as: cost reduction, energy saving, the increase of safety and quality, a optimization of processes, among others.<\/p>\t\t\t\t\t\t\t\t<\/div>\n\t\t\t\t<\/div>\n\t\t\t\t\t<\/div>\n\t\t<\/div>\n\t\t\t\t<div class=\"elementor-column elementor-col-50 elementor-top-column elementor-element elementor-element-d732447\" data-id=\"d732447\" data-element_type=\"column\" data-e-type=\"column\" data-settings=\"{&quot;background_background&quot;:&quot;slideshow&quot;,&quot;background_slideshow_gallery&quot;:[],&quot;background_slideshow_loop&quot;:&quot;yes&quot;,&quot;background_slideshow_slide_duration&quot;:5000,&quot;background_slideshow_slide_transition&quot;:&quot;fade&quot;,&quot;background_slideshow_transition_duration&quot;:500}\">\n\t\t\t<div class=\"elementor-widget-wrap elementor-element-populated\">\n\t\t\t\t\t\t<div class=\"elementor-element elementor-element-fb0f965 elementor-invisible elementor-widget elementor-widget-image\" data-id=\"fb0f965\" data-element_type=\"widget\" data-e-type=\"widget\" data-settings=\"{&quot;_animation&quot;:&quot;fadeInRight&quot;}\" data-widget_type=\"image.default\">\n\t\t\t\t<div class=\"elementor-widget-container\">\n\t\t\t\t\t\t\t\t\t\t\t\t\t\t\t<img fetchpriority=\"high\" decoding=\"async\" width=\"1280\" height=\"720\" src=\"https:\/\/vmp-plan.vimaponto.com\/wp-content\/uploads\/2021\/07\/Img_Industria4.0.jpg\" class=\"attachment-full size-full wp-image-1320\" alt=\"\" srcset=\"https:\/\/vmp-plan.vimaponto.com\/wp-content\/uploads\/2021\/07\/Img_Industria4.0.jpg 1280w, https:\/\/vmp-plan.vimaponto.com\/wp-content\/uploads\/2021\/07\/Img_Industria4.0-300x169.jpg 300w, https:\/\/vmp-plan.vimaponto.com\/wp-content\/uploads\/2021\/07\/Img_Industria4.0-1024x576.jpg 1024w, https:\/\/vmp-plan.vimaponto.com\/wp-content\/uploads\/2021\/07\/Img_Industria4.0-768x432.jpg 768w, https:\/\/vmp-plan.vimaponto.com\/wp-content\/uploads\/2021\/07\/Img_Industria4.0-830x467.jpg 830w, https:\/\/vmp-plan.vimaponto.com\/wp-content\/uploads\/2021\/07\/Img_Industria4.0-230x129.jpg 230w, https:\/\/vmp-plan.vimaponto.com\/wp-content\/uploads\/2021\/07\/Img_Industria4.0-350x197.jpg 350w, https:\/\/vmp-plan.vimaponto.com\/wp-content\/uploads\/2021\/07\/Img_Industria4.0-480x270.jpg 480w\" sizes=\"(max-width: 1280px) 100vw, 1280px\" \/>\t\t\t\t\t\t\t\t\t\t\t\t\t\t\t<\/div>\n\t\t\t\t<\/div>\n\t\t\t\t\t<\/div>\n\t\t<\/div>\n\t\t\t\t\t<\/div>\n\t\t<\/section>\n\t\t\t\t<section class=\"elementor-section elementor-top-section elementor-element elementor-element-fd3a66d elementor-section-boxed elementor-section-height-default elementor-section-height-default\" data-id=\"fd3a66d\" data-element_type=\"section\" data-e-type=\"section\" data-settings=\"{&quot;background_background&quot;:&quot;classic&quot;}\">\n\t\t\t\t\t\t<div class=\"elementor-container elementor-column-gap-default\">\n\t\t\t\t\t<div class=\"elementor-column elementor-col-100 elementor-top-column elementor-element elementor-element-97f3d51\" data-id=\"97f3d51\" data-element_type=\"column\" data-e-type=\"column\" data-settings=\"{&quot;background_background&quot;:&quot;slideshow&quot;,&quot;background_slideshow_gallery&quot;:[],&quot;background_slideshow_loop&quot;:&quot;yes&quot;,&quot;background_slideshow_slide_duration&quot;:5000,&quot;background_slideshow_slide_transition&quot;:&quot;fade&quot;,&quot;background_slideshow_transition_duration&quot;:500}\">\n\t\t\t<div class=\"elementor-widget-wrap elementor-element-populated\">\n\t\t\t\t\t\t<div class=\"elementor-element elementor-element-7f96922 elementor-widget elementor-widget-heading\" data-id=\"7f96922\" data-element_type=\"widget\" data-e-type=\"widget\" data-widget_type=\"heading.default\">\n\t\t\t\t<div class=\"elementor-widget-container\">\n\t\t\t\t\t<h1 class=\"elementor-heading-title elementor-size-default translation-block\">MAIN TECHNOLOGIES<br>BOOSTERS OF THE INDUSTRY 4.0<\/h1>\t\t\t\t<\/div>\n\t\t\t\t<\/div>\n\t\t\t\t<div class=\"elementor-element elementor-element-f2674c3 elementor-widget-divider--view-line elementor-widget elementor-widget-divider\" data-id=\"f2674c3\" data-element_type=\"widget\" data-e-type=\"widget\" data-widget_type=\"divider.default\">\n\t\t\t\t<div class=\"elementor-widget-container\">\n\t\t\t\t\t\t\t<div class=\"elementor-divider\">\n\t\t\t<span class=\"elementor-divider-separator\">\n\t\t\t\t\t\t<\/span>\n\t\t<\/div>\n\t\t\t\t\t\t<\/div>\n\t\t\t\t<\/div>\n\t\t\t\t\t<\/div>\n\t\t<\/div>\n\t\t\t\t\t<\/div>\n\t\t<\/section>\n\t\t\t\t<section class=\"elementor-section elementor-top-section elementor-element elementor-element-9ae0379 elementor-section-boxed elementor-section-height-default elementor-section-height-default\" data-id=\"9ae0379\" data-element_type=\"section\" data-e-type=\"section\">\n\t\t\t\t\t\t<div class=\"elementor-container elementor-column-gap-default\">\n\t\t\t\t\t<div class=\"elementor-column elementor-col-100 elementor-top-column elementor-element elementor-element-e2285a2\" data-id=\"e2285a2\" data-element_type=\"column\" data-e-type=\"column\">\n\t\t\t<div class=\"elementor-widget-wrap elementor-element-populated\">\n\t\t\t\t\t\t<div class=\"elementor-element elementor-element-5bc28c2 elementor-widget elementor-widget-image\" data-id=\"5bc28c2\" data-element_type=\"widget\" data-e-type=\"widget\" data-widget_type=\"image.default\">\n\t\t\t\t<div class=\"elementor-widget-container\">\n\t\t\t\t\t\t\t\t\t\t\t\t\t\t\t<img decoding=\"async\" width=\"1024\" height=\"563\" src=\"https:\/\/vmp-plan.vimaponto.com\/wp-content\/uploads\/2021\/08\/Icones_Industria40-EN-1024x563.png\" class=\"attachment-large size-large wp-image-1395\" alt=\"\" srcset=\"https:\/\/vmp-plan.vimaponto.com\/wp-content\/uploads\/2021\/08\/Icones_Industria40-EN-1024x563.png 1024w, https:\/\/vmp-plan.vimaponto.com\/wp-content\/uploads\/2021\/08\/Icones_Industria40-EN-300x165.png 300w, https:\/\/vmp-plan.vimaponto.com\/wp-content\/uploads\/2021\/08\/Icones_Industria40-EN-768x422.png 768w, https:\/\/vmp-plan.vimaponto.com\/wp-content\/uploads\/2021\/08\/Icones_Industria40-EN-1536x845.png 1536w, https:\/\/vmp-plan.vimaponto.com\/wp-content\/uploads\/2021\/08\/Icones_Industria40-EN-18x10.png 18w, https:\/\/vmp-plan.vimaponto.com\/wp-content\/uploads\/2021\/08\/Icones_Industria40-EN-830x457.png 830w, https:\/\/vmp-plan.vimaponto.com\/wp-content\/uploads\/2021\/08\/Icones_Industria40-EN-230x127.png 230w, https:\/\/vmp-plan.vimaponto.com\/wp-content\/uploads\/2021\/08\/Icones_Industria40-EN-350x193.png 350w, https:\/\/vmp-plan.vimaponto.com\/wp-content\/uploads\/2021\/08\/Icones_Industria40-EN-480x264.png 480w, https:\/\/vmp-plan.vimaponto.com\/wp-content\/uploads\/2021\/08\/Icones_Industria40-EN.png 1920w\" sizes=\"(max-width: 1024px) 100vw, 1024px\" \/>\t\t\t\t\t\t\t\t\t\t\t\t\t\t\t<\/div>\n\t\t\t\t<\/div>\n\t\t\t\t\t<\/div>\n\t\t<\/div>\n\t\t\t\t\t<\/div>\n\t\t<\/section>\n\t\t\t\t<\/div>","protected":false},"excerpt":{"rendered":"<p>IND\u00daSTRIA 4.0:NOVA ERA DE PRODU\u00c7\u00c3O INTELIGENTE E DIGITAL Pedir demo! MAIS INTELIGENTE, MAIS DIGITAL N\u00e3o \u00e9 uma novidade que as novas tecnologias [&hellip;]<\/p>\n","protected":false},"author":1,"featured_media":0,"parent":0,"menu_order":0,"comment_status":"closed","ping_status":"closed","template":"page-templates\/page_front-page.php","meta":{"footnotes":""},"class_list":["post-1258","page","type-page","status-publish","hentry"],"yoast_head":"<!-- This site is optimized with the Yoast SEO plugin v27.3 - https:\/\/yoast.com\/product\/yoast-seo-wordpress\/ -->\n<title>VMP Plan | Ind\u00fastria 4.0: Nova era de produ\u00e7\u00e3o inteligente e digital<\/title>\n<meta name=\"description\" content=\"O VMP Plan incorpora tecnologias da ind\u00fastria 4.0, com foco na digitaliza\u00e7\u00e3o de ativos f\u00edsicos e integra\u00e7\u00e3o com v\u00e1rios ecossistemas digitais.\" \/>\n<meta name=\"robots\" content=\"index, follow, max-snippet:-1, max-image-preview:large, max-video-preview:-1\" \/>\n<link rel=\"canonical\" href=\"https:\/\/vmp-plan.vimaponto.com\/en\/vmp-plan-industria-4-0\/\" \/>\n<meta property=\"og:locale\" content=\"en_GB\" \/>\n<meta property=\"og:type\" content=\"article\" \/>\n<meta property=\"og:title\" content=\"VMP Plan | Ind\u00fastria 4.0: Nova era de produ\u00e7\u00e3o inteligente e digital\" \/>\n<meta property=\"og:description\" content=\"O VMP Plan incorpora tecnologias da ind\u00fastria 4.0, com foco na digitaliza\u00e7\u00e3o de ativos f\u00edsicos e integra\u00e7\u00e3o com v\u00e1rios ecossistemas digitais.\" \/>\n<meta property=\"og:url\" content=\"https:\/\/vmp-plan.vimaponto.com\/en\/vmp-plan-industria-4-0\/\" \/>\n<meta property=\"og:site_name\" content=\"VMP Plan\" \/>\n<meta property=\"article:publisher\" content=\"https:\/\/www.facebook.com\/vimaponto\" \/>\n<meta property=\"article:modified_time\" content=\"2024-10-03T11:30:06+00:00\" \/>\n<meta property=\"og:image\" content=\"https:\/\/vmp-plan.vimaponto.com\/wp-content\/uploads\/2021\/07\/Img_Industria4.0.jpg\" \/>\n<meta name=\"twitter:card\" content=\"summary_large_image\" \/>\n<meta name=\"twitter:label1\" content=\"Estimated reading time\" \/>\n\t<meta name=\"twitter:data1\" content=\"2 minutes\" \/>\n<script type=\"application\/ld+json\" class=\"yoast-schema-graph\">{\"@context\":\"https:\\\/\\\/schema.org\",\"@graph\":[{\"@type\":\"WebPage\",\"@id\":\"https:\\\/\\\/vmp-plan.vimaponto.com\\\/vmp-plan-industria-4-0\\\/\",\"url\":\"https:\\\/\\\/vmp-plan.vimaponto.com\\\/vmp-plan-industria-4-0\\\/\",\"name\":\"VMP Plan | Ind\u00fastria 4.0: Nova era de produ\u00e7\u00e3o inteligente e digital\",\"isPartOf\":{\"@id\":\"https:\\\/\\\/vmp-plan.vimaponto.com\\\/#website\"},\"primaryImageOfPage\":{\"@id\":\"https:\\\/\\\/vmp-plan.vimaponto.com\\\/vmp-plan-industria-4-0\\\/#primaryimage\"},\"image\":{\"@id\":\"https:\\\/\\\/vmp-plan.vimaponto.com\\\/vmp-plan-industria-4-0\\\/#primaryimage\"},\"thumbnailUrl\":\"https:\\\/\\\/vmp-plan.vimaponto.com\\\/wp-content\\\/uploads\\\/2021\\\/07\\\/Img_Industria4.0.jpg\",\"datePublished\":\"2021-06-14T10:25:16+00:00\",\"dateModified\":\"2024-10-03T11:30:06+00:00\",\"description\":\"O VMP Plan incorpora tecnologias da ind\u00fastria 4.0, com foco na digitaliza\u00e7\u00e3o de ativos f\u00edsicos e integra\u00e7\u00e3o com v\u00e1rios ecossistemas digitais.\",\"breadcrumb\":{\"@id\":\"https:\\\/\\\/vmp-plan.vimaponto.com\\\/vmp-plan-industria-4-0\\\/#breadcrumb\"},\"inLanguage\":\"en-GB\",\"potentialAction\":[{\"@type\":\"ReadAction\",\"target\":[\"https:\\\/\\\/vmp-plan.vimaponto.com\\\/vmp-plan-industria-4-0\\\/\"]}]},{\"@type\":\"ImageObject\",\"inLanguage\":\"en-GB\",\"@id\":\"https:\\\/\\\/vmp-plan.vimaponto.com\\\/vmp-plan-industria-4-0\\\/#primaryimage\",\"url\":\"https:\\\/\\\/vmp-plan.vimaponto.com\\\/wp-content\\\/uploads\\\/2021\\\/07\\\/Img_Industria4.0.jpg\",\"contentUrl\":\"https:\\\/\\\/vmp-plan.vimaponto.com\\\/wp-content\\\/uploads\\\/2021\\\/07\\\/Img_Industria4.0.jpg\"},{\"@type\":\"BreadcrumbList\",\"@id\":\"https:\\\/\\\/vmp-plan.vimaponto.com\\\/vmp-plan-industria-4-0\\\/#breadcrumb\",\"itemListElement\":[{\"@type\":\"ListItem\",\"position\":1,\"name\":\"In\u00edcio\",\"item\":\"https:\\\/\\\/vmp-plan.vimaponto.com\\\/\"},{\"@type\":\"ListItem\",\"position\":2,\"name\":\"Ind\u00fastria 4.0\"}]},{\"@type\":\"WebSite\",\"@id\":\"https:\\\/\\\/vmp-plan.vimaponto.com\\\/#website\",\"url\":\"https:\\\/\\\/vmp-plan.vimaponto.com\\\/\",\"name\":\"VMP Plan\",\"description\":\"Software de Gest\u00e3o de Produ\u00e7\u00e3o para Ind\u00fastria\",\"potentialAction\":[{\"@type\":\"SearchAction\",\"target\":{\"@type\":\"EntryPoint\",\"urlTemplate\":\"https:\\\/\\\/vmp-plan.vimaponto.com\\\/?s={search_term_string}\"},\"query-input\":{\"@type\":\"PropertyValueSpecification\",\"valueRequired\":true,\"valueName\":\"search_term_string\"}}],\"inLanguage\":\"en-GB\"}]}<\/script>\n<!-- \/ Yoast SEO plugin. -->","yoast_head_json":{"title":"VMP Plan | Ind\u00fastria 4.0: Nova era de produ\u00e7\u00e3o inteligente e digital","description":"O VMP Plan incorpora tecnologias da ind\u00fastria 4.0, com foco na digitaliza\u00e7\u00e3o de ativos f\u00edsicos e integra\u00e7\u00e3o com v\u00e1rios ecossistemas digitais.","robots":{"index":"index","follow":"follow","max-snippet":"max-snippet:-1","max-image-preview":"max-image-preview:large","max-video-preview":"max-video-preview:-1"},"canonical":"https:\/\/vmp-plan.vimaponto.com\/en\/vmp-plan-industria-4-0\/","og_locale":"en_GB","og_type":"article","og_title":"VMP Plan | Ind\u00fastria 4.0: Nova era de produ\u00e7\u00e3o inteligente e digital","og_description":"O VMP Plan incorpora tecnologias da ind\u00fastria 4.0, com foco na digitaliza\u00e7\u00e3o de ativos f\u00edsicos e integra\u00e7\u00e3o com v\u00e1rios ecossistemas digitais.","og_url":"https:\/\/vmp-plan.vimaponto.com\/en\/vmp-plan-industria-4-0\/","og_site_name":"VMP Plan","article_publisher":"https:\/\/www.facebook.com\/vimaponto","article_modified_time":"2024-10-03T11:30:06+00:00","og_image":[{"url":"https:\/\/vmp-plan.vimaponto.com\/wp-content\/uploads\/2021\/07\/Img_Industria4.0.jpg","type":"","width":"","height":""}],"twitter_card":"summary_large_image","twitter_misc":{"Estimated reading time":"2 minutes"},"schema":{"@context":"https:\/\/schema.org","@graph":[{"@type":"WebPage","@id":"https:\/\/vmp-plan.vimaponto.com\/vmp-plan-industria-4-0\/","url":"https:\/\/vmp-plan.vimaponto.com\/vmp-plan-industria-4-0\/","name":"VMP Plan | Ind\u00fastria 4.0: Nova era de produ\u00e7\u00e3o inteligente e digital","isPartOf":{"@id":"https:\/\/vmp-plan.vimaponto.com\/#website"},"primaryImageOfPage":{"@id":"https:\/\/vmp-plan.vimaponto.com\/vmp-plan-industria-4-0\/#primaryimage"},"image":{"@id":"https:\/\/vmp-plan.vimaponto.com\/vmp-plan-industria-4-0\/#primaryimage"},"thumbnailUrl":"https:\/\/vmp-plan.vimaponto.com\/wp-content\/uploads\/2021\/07\/Img_Industria4.0.jpg","datePublished":"2021-06-14T10:25:16+00:00","dateModified":"2024-10-03T11:30:06+00:00","description":"O VMP Plan incorpora tecnologias da ind\u00fastria 4.0, com foco na digitaliza\u00e7\u00e3o de ativos f\u00edsicos e integra\u00e7\u00e3o com v\u00e1rios ecossistemas digitais.","breadcrumb":{"@id":"https:\/\/vmp-plan.vimaponto.com\/vmp-plan-industria-4-0\/#breadcrumb"},"inLanguage":"en-GB","potentialAction":[{"@type":"ReadAction","target":["https:\/\/vmp-plan.vimaponto.com\/vmp-plan-industria-4-0\/"]}]},{"@type":"ImageObject","inLanguage":"en-GB","@id":"https:\/\/vmp-plan.vimaponto.com\/vmp-plan-industria-4-0\/#primaryimage","url":"https:\/\/vmp-plan.vimaponto.com\/wp-content\/uploads\/2021\/07\/Img_Industria4.0.jpg","contentUrl":"https:\/\/vmp-plan.vimaponto.com\/wp-content\/uploads\/2021\/07\/Img_Industria4.0.jpg"},{"@type":"BreadcrumbList","@id":"https:\/\/vmp-plan.vimaponto.com\/vmp-plan-industria-4-0\/#breadcrumb","itemListElement":[{"@type":"ListItem","position":1,"name":"In\u00edcio","item":"https:\/\/vmp-plan.vimaponto.com\/"},{"@type":"ListItem","position":2,"name":"Ind\u00fastria 4.0"}]},{"@type":"WebSite","@id":"https:\/\/vmp-plan.vimaponto.com\/#website","url":"https:\/\/vmp-plan.vimaponto.com\/","name":"VMP Plan","description":"Software de Gest\u00e3o de Produ\u00e7\u00e3o para Ind\u00fastria","potentialAction":[{"@type":"SearchAction","target":{"@type":"EntryPoint","urlTemplate":"https:\/\/vmp-plan.vimaponto.com\/?s={search_term_string}"},"query-input":{"@type":"PropertyValueSpecification","valueRequired":true,"valueName":"search_term_string"}}],"inLanguage":"en-GB"}]}},"_links":{"self":[{"href":"http:\/\/vmp-plan.vimaponto.com\/en\/wp-json\/wp\/v2\/pages\/1258","targetHints":{"allow":["GET"]}}],"collection":[{"href":"http:\/\/vmp-plan.vimaponto.com\/en\/wp-json\/wp\/v2\/pages"}],"about":[{"href":"http:\/\/vmp-plan.vimaponto.com\/en\/wp-json\/wp\/v2\/types\/page"}],"author":[{"embeddable":true,"href":"http:\/\/vmp-plan.vimaponto.com\/en\/wp-json\/wp\/v2\/users\/1"}],"replies":[{"embeddable":true,"href":"http:\/\/vmp-plan.vimaponto.com\/en\/wp-json\/wp\/v2\/comments?post=1258"}],"version-history":[{"count":75,"href":"http:\/\/vmp-plan.vimaponto.com\/en\/wp-json\/wp\/v2\/pages\/1258\/revisions"}],"predecessor-version":[{"id":2370,"href":"http:\/\/vmp-plan.vimaponto.com\/en\/wp-json\/wp\/v2\/pages\/1258\/revisions\/2370"}],"wp:attachment":[{"href":"http:\/\/vmp-plan.vimaponto.com\/en\/wp-json\/wp\/v2\/media?parent=1258"}],"curies":[{"name":"wp","href":"https:\/\/api.w.org\/{rel}","templated":true}]}}