{"id":1217,"date":"2021-04-26T17:19:24","date_gmt":"2021-04-26T17:19:24","guid":{"rendered":"https:\/\/vmp-plan.vimaponto.com\/?page_id=1217"},"modified":"2021-05-17T16:26:13","modified_gmt":"2021-05-17T16:26:13","slug":"brevemente-disponvel","status":"publish","type":"page","link":"http:\/\/vmp-plan.vimaponto.com\/en\/brevemente-disponvel\/","title":{"rendered":"Brevemente dispon\u00edvel"},"content":{"rendered":"<div id=\"sp-page\" class=\"spBgcover sp-content-4\" style=\"background-image: url('https:\/\/assets.seedprod.com\/93-7v88vkr23q3ujpcp.jpg'); font-family: Inter, sans-serif; font-weight: 400;\">\n<section id=\"sp-ckzdoppede1\" class=\"sp-el-section  spBgcover\" style=\"width: 100%; max-width: 100%; padding: 10px;\">\n<div id=\"sp-rahpdx4qbt4v\" class=\"sp-el-row sm:sp-flex sp-justify-between sp-w-full  sp-m-auto spBgcover\" style=\"padding: 10px; width: auto; max-width: 1000px; background-color: rgb(52, 73, 94);\" draggable=\"false\">\n<div id=\"sp-nlys3wrlqsuq\" class=\"sp-el-col sp-p-4  spBgcover sp-w-full\" style=\"width: calc(50% - 0px); padding: 10px;\">\n<figure id=\"sp-wjkkjogg2c2\" class=\"sp-image-wrapper\" style=\"margin-top: 0px; padding: 10px; text-align: center;\"><span><img decoding=\"async\" src=\"https:\/\/vmp-plan.vimaponto.com\/wp-content\/uploads\/2021\/04\/VMP_Plan_Logo_300x160.png\" alt=\"\" draggable=\"false\"><\/span><\/figure>\n<h1 id=\"sp-wxi918kaufaj\" class=\"sp-css-target\" style=\"font-size: 60px; text-align: center; padding: 10px;\">Brevemente dispon\u00edvel<\/h1>\n<div id=\"sp-to9pc086it6g\" class=\"sp-css-target sp-text-wrapper\" style=\"padding: 10px; margin-top: 0px; text-align: center;\">\n<p>VMP Plan: Software de Gest\u00e3o e Controlo da Produ\u00e7\u00e3o para Ind\u00fastria<\/p>\n<\/div>\n<div class=\"sp-button-wrapper\" style=\"padding: 10px; margin-top: 0px; text-align: center;\"><a href=\"vimaponto.com\" id=\"sp-dhl4hp\" target=\"\" rel=\"noopener\" class=\"sp-button sp-css-target sp-text-center sp-inline-block sp-leading-none\" style=\"font-size: 22px; background: linear-gradient(-180deg, rgb(17, 161, 64), rgb(14, 129, 51) 90%); color: rgb(255, 255, 255); width: auto; padding: 16px 20px; border-radius: 4px; border: 1px solid rgb(12, 115, 46); box-shadow: rgba(255, 255, 255, 0.2) 0px 1px 0px inset;\" draggable=\"false\"><i class=\"sp-mr-2 fas fa-location-arrow\"><\/i><span>Visitar Vimaponto<\/span><\/a><\/div>\n<\/div>\n<div id=\"sp-sysknox8r1l\" class=\"sp-el-col sp-p-4  spBgcover sp-w-full\" style=\"width: calc(50% - 0px); padding: 10px;\">\n<div id=\"sp-f3c82k\" class=\"sp-form-wrapper sp-has-form\" style=\"padding: 10px; margin-top: 0px; text-align: left;\">\n<div>\n<div class=\"\"><div class=\"wpforms-container wpforms-container-full  color 1F971F \" id=\"wpforms-812\"><form id=\"wpforms-form-812\" class=\"wpforms-validate wpforms-form\" data-formid=\"812\" method=\"post\" enctype=\"multipart\/form-data\" action=\"\/en\/wp-json\/wp\/v2\/pages\/1217\" data-token=\"e2b5c633f893e4ecd04ffca2622652b0\" data-token-time=\"1777570280\"><noscript class=\"wpforms-error-noscript\">Please enable JavaScript in your browser to complete this form.<\/noscript><div class=\"wpforms-field-container\"><div id=\"wpforms-812-field_0-container\" class=\"wpforms-field wpforms-field-name\" data-field-id=\"0\"><label class=\"wpforms-field-label\" for=\"wpforms-812-field_0\">Nome <span class=\"wpforms-required-label\">*<\/span><\/label><input type=\"text\" id=\"wpforms-812-field_0\" class=\"wpforms-field-large wpforms-field-required\" name=\"wpforms[fields][0]\" required><div class=\"wpforms-field-description\">Insira o seu primeiro e \u00faltimo nome, por favor.<\/div><\/div><div id=\"wpforms-812-field_1-container\" class=\"wpforms-field wpforms-field-email\" data-field-id=\"1\"><label class=\"wpforms-field-label\" for=\"wpforms-812-field_1\">Email <span class=\"wpforms-required-label\">*<\/span><\/label><input type=\"email\" id=\"wpforms-812-field_1\" class=\"wpforms-field-large wpforms-field-required\" name=\"wpforms[fields][1]\" spellcheck=\"false\" required><\/div><div id=\"wpforms-812-field_3-container\" class=\"wpforms-field wpforms-field-number\" data-field-id=\"3\"><label class=\"wpforms-field-label\" for=\"wpforms-812-field_3\">Telefone\/Telem\u00f3vel <span class=\"wpforms-required-label\">*<\/span><\/label><input type=\"number\" id=\"wpforms-812-field_3\" class=\"wpforms-field-large wpforms-field-required\" name=\"wpforms[fields][3]\" step=\"any\" required><\/div><div id=\"wpforms-812-field_4-container\" class=\"wpforms-field wpforms-field-select wpforms-field-select-style-modern\" data-field-id=\"4\"><label class=\"wpforms-field-label\" for=\"wpforms-812-field_4\">Em que \u00e1rea se insere o seu neg\u00f3cio?<\/label><select id=\"wpforms-812-field_4\" class=\"wpforms-field-large choicesjs-select\" data-size-class=\"wpforms-field-row wpforms-field-large\" data-search-enabled=\"\" name=\"wpforms[fields][4]\"><option value=\"\" class=\"placeholder\" disabled ><\/option><option value=\"Ind\u00fastria T\u00eaxtil e Vestu\u00e1rio (ITV)\"  selected='selected' class=\"choice-1 depth-1\"  >Ind\u00fastria T\u00eaxtil e Vestu\u00e1rio (ITV)<\/option><option value=\"Ind\u00fastria Metalomec\u00e2nica\"  class=\"choice-3 depth-1\"  >Ind\u00fastria Metalomec\u00e2nica<\/option><option value=\"Ind\u00fastria de Cal\u00e7ado\"  class=\"choice-4 depth-1\"  >Ind\u00fastria de Cal\u00e7ado<\/option><option value=\"Ind\u00fastria de Cart\u00e3o e Embalagens\"  class=\"choice-2 depth-1\"  >Ind\u00fastria de Cart\u00e3o e Embalagens<\/option><option value=\"Ind\u00fastria de Mobili\u00e1rio\"  class=\"choice-6 depth-1\"  >Ind\u00fastria de Mobili\u00e1rio<\/option><option value=\"Outro\"  class=\"choice-5 depth-1\"  >Outro<\/option><\/select><\/div><div id=\"wpforms-812-field_2-container\" class=\"wpforms-field wpforms-field-textarea\" data-field-id=\"2\"><label class=\"wpforms-field-label\" for=\"wpforms-812-field_2\">Coment\u00e1rio ou Mensagem <span class=\"wpforms-required-label\">*<\/span><\/label><textarea id=\"wpforms-812-field_2\" class=\"wpforms-field-medium wpforms-field-required\" name=\"wpforms[fields][2]\" required><\/textarea><\/div><div id=\"wpforms-812-field_5-container\" class=\"wpforms-field wpforms-field-checkbox\" data-field-id=\"5\"><label class=\"wpforms-field-label\">Os seus dados ir\u00e3o ser utilizados pela Vimaponto - Equipamentos e Servi\u00e7os Inform\u00e1tica S.A., apenas para concretizar o seu pedido de contacto e ser\u00e3o conservados durante o tempo m\u00ednimo necess\u00e1rio n\u00e3o sendo feito qualquer outro tipo de tratamento. Para mais informa\u00e7\u00f5es, consulte a nossa Pol\u00edtica de Privacidade. <span class=\"wpforms-required-label\">*<\/span><\/label><ul id=\"wpforms-812-field_5\" class=\"wpforms-field-required\"><li class=\"choice-1 depth-1\"><input type=\"checkbox\" id=\"wpforms-812-field_5_1\" name=\"wpforms[fields][5][]\" value=\"Tomei conhecimento.\" required ><label class=\"wpforms-field-label-inline\" for=\"wpforms-812-field_5_1\">Tomei conhecimento.<\/label><\/li><\/ul><\/div><\/div><!-- .wpforms-field-container --><div class=\"wpforms-submit-container\" ><input type=\"hidden\" name=\"wpforms[id]\" value=\"812\"><input type=\"hidden\" name=\"page_title\" value=\"\"><input type=\"hidden\" name=\"page_url\" value=\"http:\/\/vmp-plan.vimaponto.com\/en\/wp-json\/wp\/v2\/pages\/1217\"><input type=\"hidden\" name=\"url_referer\" value=\"\"><button type=\"submit\" name=\"wpforms[submit]\" id=\"wpforms-submit-812\" class=\"wpforms-submit\" data-alt-text=\"A enviar...\" data-submit-text=\"Enviar\" aria-live=\"assertive\" value=\"wpforms-submit\">Enviar<\/button><\/div><\/form><\/div>  <!-- .wpforms-container --><\/div>\n<\/div>\n<\/div>\n<\/div>\n<\/div>\n<\/section>\n<\/div>\n","protected":false},"excerpt":{"rendered":"<p>Brevemente dispon\u00edvel VMP Plan: Software de Gest\u00e3o e Controlo da Produ\u00e7\u00e3o para Ind\u00fastria Visitar Vimaponto<\/p>","protected":false},"author":1,"featured_media":0,"parent":0,"menu_order":0,"comment_status":"closed","ping_status":"closed","template":"","meta":{"footnotes":""},"class_list":["post-1217","page","type-page","status-publish","hentry"],"yoast_head":"<!-- This site is optimized with the Yoast SEO plugin v27.4 - https:\/\/yoast.com\/product\/yoast-seo-wordpress\/ -->\n<title>Brevemente dispon\u00edvel - VMP Plan Software de Gest\u00e3o de Produ\u00e7\u00e3o<\/title>\n<meta name=\"robots\" content=\"index, follow, max-snippet:-1, max-image-preview:large, max-video-preview:-1\" \/>\n<link rel=\"canonical\" href=\"https:\/\/vmp-plan.vimaponto.com\/en\/brevemente-disponvel\/\" \/>\n<meta property=\"og:locale\" content=\"en_GB\" \/>\n<meta property=\"og:type\" content=\"article\" \/>\n<meta property=\"og:title\" content=\"Brevemente dispon\u00edvel - VMP Plan Software de Gest\u00e3o de Produ\u00e7\u00e3o\" \/>\n<meta property=\"og:description\" content=\"Brevemente dispon\u00edvel VMP Plan: Software de Gest\u00e3o e Controlo da Produ\u00e7\u00e3o para Ind\u00fastria Visitar Vimaponto\" \/>\n<meta property=\"og:url\" content=\"https:\/\/vmp-plan.vimaponto.com\/en\/brevemente-disponvel\/\" \/>\n<meta property=\"og:site_name\" content=\"VMP Plan\" \/>\n<meta property=\"article:publisher\" content=\"https:\/\/www.facebook.com\/vimaponto\" \/>\n<meta property=\"article:modified_time\" content=\"2021-05-17T16:26:13+00:00\" \/>\n<meta property=\"og:image\" content=\"https:\/\/vmp-plan.vimaponto.com\/wp-content\/uploads\/2021\/04\/VMP_Plan_Logo_300x160.png\" \/>\n<meta name=\"twitter:card\" content=\"summary_large_image\" \/>\n<meta name=\"twitter:label1\" content=\"Estimated reading time\" \/>\n\t<meta name=\"twitter:data1\" content=\"1 minute\" \/>\n<script type=\"application\/ld+json\" class=\"yoast-schema-graph\">{\"@context\":\"https:\\\/\\\/schema.org\",\"@graph\":[{\"@type\":\"WebPage\",\"@id\":\"https:\\\/\\\/vmp-plan.vimaponto.com\\\/brevemente-disponvel\\\/\",\"url\":\"https:\\\/\\\/vmp-plan.vimaponto.com\\\/brevemente-disponvel\\\/\",\"name\":\"Brevemente dispon\u00edvel - VMP Plan Software de Gest\u00e3o de Produ\u00e7\u00e3o\",\"isPartOf\":{\"@id\":\"https:\\\/\\\/vmp-plan.vimaponto.com\\\/#website\"},\"primaryImageOfPage\":{\"@id\":\"https:\\\/\\\/vmp-plan.vimaponto.com\\\/brevemente-disponvel\\\/#primaryimage\"},\"image\":{\"@id\":\"https:\\\/\\\/vmp-plan.vimaponto.com\\\/brevemente-disponvel\\\/#primaryimage\"},\"thumbnailUrl\":\"https:\\\/\\\/vmp-plan.vimaponto.com\\\/wp-content\\\/uploads\\\/2021\\\/04\\\/VMP_Plan_Logo_300x160.png\",\"datePublished\":\"2021-04-26T17:19:24+00:00\",\"dateModified\":\"2021-05-17T16:26:13+00:00\",\"breadcrumb\":{\"@id\":\"https:\\\/\\\/vmp-plan.vimaponto.com\\\/brevemente-disponvel\\\/#breadcrumb\"},\"inLanguage\":\"en-GB\",\"potentialAction\":[{\"@type\":\"ReadAction\",\"target\":[\"https:\\\/\\\/vmp-plan.vimaponto.com\\\/brevemente-disponvel\\\/\"]}]},{\"@type\":\"ImageObject\",\"inLanguage\":\"en-GB\",\"@id\":\"https:\\\/\\\/vmp-plan.vimaponto.com\\\/brevemente-disponvel\\\/#primaryimage\",\"url\":\"https:\\\/\\\/vmp-plan.vimaponto.com\\\/wp-content\\\/uploads\\\/2021\\\/04\\\/VMP_Plan_Logo_300x160.png\",\"contentUrl\":\"https:\\\/\\\/vmp-plan.vimaponto.com\\\/wp-content\\\/uploads\\\/2021\\\/04\\\/VMP_Plan_Logo_300x160.png\"},{\"@type\":\"BreadcrumbList\",\"@id\":\"https:\\\/\\\/vmp-plan.vimaponto.com\\\/brevemente-disponvel\\\/#breadcrumb\",\"itemListElement\":[{\"@type\":\"ListItem\",\"position\":1,\"name\":\"In\u00edcio\",\"item\":\"https:\\\/\\\/vmp-plan.vimaponto.com\\\/\"},{\"@type\":\"ListItem\",\"position\":2,\"name\":\"Brevemente dispon\u00edvel\"}]},{\"@type\":\"WebSite\",\"@id\":\"https:\\\/\\\/vmp-plan.vimaponto.com\\\/#website\",\"url\":\"https:\\\/\\\/vmp-plan.vimaponto.com\\\/\",\"name\":\"VMP Plan\",\"description\":\"Software de Gest\u00e3o de Produ\u00e7\u00e3o para Ind\u00fastria\",\"potentialAction\":[{\"@type\":\"SearchAction\",\"target\":{\"@type\":\"EntryPoint\",\"urlTemplate\":\"https:\\\/\\\/vmp-plan.vimaponto.com\\\/?s={search_term_string}\"},\"query-input\":{\"@type\":\"PropertyValueSpecification\",\"valueRequired\":true,\"valueName\":\"search_term_string\"}}],\"inLanguage\":\"en-GB\"}]}<\/script>\n<!-- \/ Yoast SEO plugin. -->","yoast_head_json":{"title":"Brevemente dispon\u00edvel - VMP Plan Software de Gest\u00e3o de Produ\u00e7\u00e3o","robots":{"index":"index","follow":"follow","max-snippet":"max-snippet:-1","max-image-preview":"max-image-preview:large","max-video-preview":"max-video-preview:-1"},"canonical":"https:\/\/vmp-plan.vimaponto.com\/en\/brevemente-disponvel\/","og_locale":"en_GB","og_type":"article","og_title":"Brevemente dispon\u00edvel - VMP Plan Software de Gest\u00e3o de Produ\u00e7\u00e3o","og_description":"Brevemente dispon\u00edvel VMP Plan: Software de Gest\u00e3o e Controlo da Produ\u00e7\u00e3o para Ind\u00fastria Visitar Vimaponto","og_url":"https:\/\/vmp-plan.vimaponto.com\/en\/brevemente-disponvel\/","og_site_name":"VMP Plan","article_publisher":"https:\/\/www.facebook.com\/vimaponto","article_modified_time":"2021-05-17T16:26:13+00:00","og_image":[{"url":"https:\/\/vmp-plan.vimaponto.com\/wp-content\/uploads\/2021\/04\/VMP_Plan_Logo_300x160.png","type":"","width":"","height":""}],"twitter_card":"summary_large_image","twitter_misc":{"Estimated reading time":"1 minute"},"schema":{"@context":"https:\/\/schema.org","@graph":[{"@type":"WebPage","@id":"https:\/\/vmp-plan.vimaponto.com\/brevemente-disponvel\/","url":"https:\/\/vmp-plan.vimaponto.com\/brevemente-disponvel\/","name":"Brevemente dispon\u00edvel - VMP Plan Software de Gest\u00e3o de Produ\u00e7\u00e3o","isPartOf":{"@id":"https:\/\/vmp-plan.vimaponto.com\/#website"},"primaryImageOfPage":{"@id":"https:\/\/vmp-plan.vimaponto.com\/brevemente-disponvel\/#primaryimage"},"image":{"@id":"https:\/\/vmp-plan.vimaponto.com\/brevemente-disponvel\/#primaryimage"},"thumbnailUrl":"https:\/\/vmp-plan.vimaponto.com\/wp-content\/uploads\/2021\/04\/VMP_Plan_Logo_300x160.png","datePublished":"2021-04-26T17:19:24+00:00","dateModified":"2021-05-17T16:26:13+00:00","breadcrumb":{"@id":"https:\/\/vmp-plan.vimaponto.com\/brevemente-disponvel\/#breadcrumb"},"inLanguage":"en-GB","potentialAction":[{"@type":"ReadAction","target":["https:\/\/vmp-plan.vimaponto.com\/brevemente-disponvel\/"]}]},{"@type":"ImageObject","inLanguage":"en-GB","@id":"https:\/\/vmp-plan.vimaponto.com\/brevemente-disponvel\/#primaryimage","url":"https:\/\/vmp-plan.vimaponto.com\/wp-content\/uploads\/2021\/04\/VMP_Plan_Logo_300x160.png","contentUrl":"https:\/\/vmp-plan.vimaponto.com\/wp-content\/uploads\/2021\/04\/VMP_Plan_Logo_300x160.png"},{"@type":"BreadcrumbList","@id":"https:\/\/vmp-plan.vimaponto.com\/brevemente-disponvel\/#breadcrumb","itemListElement":[{"@type":"ListItem","position":1,"name":"In\u00edcio","item":"https:\/\/vmp-plan.vimaponto.com\/"},{"@type":"ListItem","position":2,"name":"Brevemente dispon\u00edvel"}]},{"@type":"WebSite","@id":"https:\/\/vmp-plan.vimaponto.com\/#website","url":"https:\/\/vmp-plan.vimaponto.com\/","name":"VMP Plan","description":"Software de Gest\u00e3o de Produ\u00e7\u00e3o para Ind\u00fastria","potentialAction":[{"@type":"SearchAction","target":{"@type":"EntryPoint","urlTemplate":"https:\/\/vmp-plan.vimaponto.com\/?s={search_term_string}"},"query-input":{"@type":"PropertyValueSpecification","valueRequired":true,"valueName":"search_term_string"}}],"inLanguage":"en-GB"}]}},"_links":{"self":[{"href":"http:\/\/vmp-plan.vimaponto.com\/en\/wp-json\/wp\/v2\/pages\/1217","targetHints":{"allow":["GET"]}}],"collection":[{"href":"http:\/\/vmp-plan.vimaponto.com\/en\/wp-json\/wp\/v2\/pages"}],"about":[{"href":"http:\/\/vmp-plan.vimaponto.com\/en\/wp-json\/wp\/v2\/types\/page"}],"author":[{"embeddable":true,"href":"http:\/\/vmp-plan.vimaponto.com\/en\/wp-json\/wp\/v2\/users\/1"}],"replies":[{"embeddable":true,"href":"http:\/\/vmp-plan.vimaponto.com\/en\/wp-json\/wp\/v2\/comments?post=1217"}],"version-history":[{"count":11,"href":"http:\/\/vmp-plan.vimaponto.com\/en\/wp-json\/wp\/v2\/pages\/1217\/revisions"}],"predecessor-version":[{"id":1249,"href":"http:\/\/vmp-plan.vimaponto.com\/en\/wp-json\/wp\/v2\/pages\/1217\/revisions\/1249"}],"wp:attachment":[{"href":"http:\/\/vmp-plan.vimaponto.com\/en\/wp-json\/wp\/v2\/media?parent=1217"}],"curies":[{"name":"wp","href":"https:\/\/api.w.org\/{rel}","templated":true}]}}